{"id":10690,"date":"2021-10-06T12:32:42","date_gmt":"2021-10-06T10:32:42","guid":{"rendered":"https:\/\/www.novavita.com\/galerie-montreux\/"},"modified":"2023-01-17T12:17:24","modified_gmt":"2023-01-17T11:17:24","slug":"galerie-montreux","status":"publish","type":"page","link":"https:\/\/www.novavita.com\/fr\/galerie-montreux\/","title":{"rendered":"Galerie Montreux"},"content":{"rendered":"<p><div class=\"fusion-fullwidth fullwidth-box fusion-builder-row-1 nonhundred-percent-fullwidth non-hundred-percent-height-scrolling\" style=\"--awb-border-radius-top-left:0px;--awb-border-radius-top-right:0px;--awb-border-radius-bottom-right:0px;--awb-border-radius-bottom-left:0px;--awb-flex-wrap:wrap;\" ><div class=\"fusion-builder-row fusion-row\"><div class=\"fusion-layout-column fusion_builder_column fusion-builder-column-0 fusion_builder_column_1_1 1_1 fusion-one-full fusion-column-first fusion-column-last\" style=\"--awb-bg-size:cover;\"><div class=\"fusion-column-wrapper fusion-flex-column-wrapper-legacy\"><div class=\"fusion-text fusion-text-1\"><p style=\"letter-spacing: 4px; font-size: 13px; margin-bottom: 0px; text-align: center;\">IMPRESSIONS<\/p>\n<h1 style=\"text-align: center;\">Montreux<\/h1>\n<\/div><div class=\"fusion-sep-clear\"><\/div><div class=\"fusion-separator\" style=\"margin-left: auto;margin-right: auto;margin-bottom:20px;width:100%;max-width:50px;\"><div class=\"fusion-separator-border sep-single sep-solid\" style=\"--awb-height:20px;--awb-amount:20px;--awb-sep-color:#c5d881;border-color:#c5d881;border-top-width:1px;\"><\/div><\/div><div class=\"fusion-sep-clear\"><\/div><div class=\"fusion-clearfix\"><\/div><\/div><\/div><\/div><\/div><div class=\"fusion-fullwidth fullwidth-box fusion-builder-row-2 nonhundred-percent-fullwidth non-hundred-percent-height-scrolling fusion-no-small-visibility\" style=\"--awb-background-position:left top;--awb-border-sizes-top:0px;--awb-border-sizes-bottom:0px;--awb-border-sizes-left:0px;--awb-border-sizes-right:0px;--awb-border-radius-top-left:0px;--awb-border-radius-top-right:0px;--awb-border-radius-bottom-right:0px;--awb-border-radius-bottom-left:0px;--awb-margin-bottom:80px;--awb-flex-wrap:wrap;\" ><div class=\"fusion-builder-row fusion-row\"><div class=\"fusion-layout-column fusion_builder_column fusion-builder-column-1 fusion_builder_column_1_1 1_1 fusion-one-full fusion-column-first fusion-column-last\" style=\"--awb-bg-size:cover;--awb-margin-bottom:0px;\"><div class=\"fusion-column-wrapper fusion-flex-column-wrapper-legacy\"><div class=\"fusion-sep-clear\"><\/div><div class=\"fusion-separator fusion-full-width-sep\" style=\"margin-left: auto;margin-right: auto;width:100%;\"><div class=\"fusion-separator-border sep-single sep-solid\" style=\"--awb-height:20px;--awb-amount:20px;border-color:#e0dede;border-top-width:1px;\"><\/div><\/div><div class=\"fusion-sep-clear\"><\/div><nav class=\"awb-menu awb-menu_row awb-menu_em-hover mobile-mode-collapse-to-button awb-menu_icons-left awb-menu_dc-yes mobile-trigger-fullwidth-off awb-menu_mobile-toggle awb-menu_indent-left mobile-size-full-absolute loading mega-menu-loading awb-menu_desktop awb-menu_dropdown awb-menu_expand-right awb-menu_transition-fade\" style=\"--awb-text-transform:none;--awb-gap:25px;--awb-align-items:center;--awb-justify-content:center;--awb-items-padding-top:5%;--awb-items-padding-right:0px;--awb-items-padding-bottom:5%;--awb-items-padding-left:0px;--awb-active-color:#c5d881;--awb-submenu-text-transform:none;--awb-icons-hover-color:#c5d881;--awb-main-justify-content:flex-start;--awb-mobile-justify:flex-start;--awb-mobile-caret-left:auto;--awb-mobile-caret-right:0;--awb-fusion-font-family-typography:inherit;--awb-fusion-font-style-typography:normal;--awb-fusion-font-weight-typography:400;--awb-fusion-font-family-submenu-typography:inherit;--awb-fusion-font-style-submenu-typography:normal;--awb-fusion-font-weight-submenu-typography:400;--awb-fusion-font-family-mobile-typography:inherit;--awb-fusion-font-style-mobile-typography:normal;--awb-fusion-font-weight-mobile-typography:400;\" aria-label=\"Galerien\" data-breakpoint=\"1024\" data-count=\"0\" data-transition-type=\"fade\" data-transition-time=\"300\" data-expand=\"right\"><button type=\"button\" class=\"awb-menu__m-toggle awb-menu__m-toggle_no-text\" aria-expanded=\"false\" aria-controls=\"menu-galerien\"><span class=\"awb-menu__m-toggle-inner\"><span class=\"collapsed-nav-text\"><span class=\"screen-reader-text\">Toggle Navigation<\/span><\/span><span class=\"awb-menu__m-collapse-icon awb-menu__m-collapse-icon_no-text\"><span class=\"awb-menu__m-collapse-icon-open awb-menu__m-collapse-icon-open_no-text fa-bars fas\"><\/span><span class=\"awb-menu__m-collapse-icon-close awb-menu__m-collapse-icon-close_no-text fa-times fas\"><\/span><\/span><\/span><\/button><ul id=\"menu-galerien-franzoesisch\" class=\"fusion-menu awb-menu__main-ul awb-menu__main-ul_row\"><li  id=\"menu-item-10755\"  class=\"menu-item menu-item-type-post_type menu-item-object-page menu-item-10755 awb-menu__li awb-menu__main-li awb-menu__main-li_regular\"  data-item-id=\"10755\"><span class=\"awb-menu__main-background-default awb-menu__main-background-default_fade\"><\/span><span class=\"awb-menu__main-background-active awb-menu__main-background-active_fade\"><\/span><a  href=\"https:\/\/www.novavita.com\/fr\/galerie-berlin-im-paulinenhaus\/\" class=\"awb-menu__main-a awb-menu__main-a_regular\"><span class=\"menu-text\">Berlin Im Paulinenhaus<\/span><\/a><\/li><li  id=\"menu-item-10756\"  class=\"menu-item menu-item-type-post_type menu-item-object-page menu-item-10756 awb-menu__li awb-menu__main-li awb-menu__main-li_regular\"  data-item-id=\"10756\"><span class=\"awb-menu__main-background-default awb-menu__main-background-default_fade\"><\/span><span class=\"awb-menu__main-background-active awb-menu__main-background-active_fade\"><\/span><a  href=\"https:\/\/www.novavita.com\/fr\/galerie-berlin-wilmersdorf\/\" class=\"awb-menu__main-a awb-menu__main-a_regular\"><span class=\"menu-text\">Berlin-Wilmersdorf<\/span><\/a><\/li><li  id=\"menu-item-10757\"  class=\"menu-item menu-item-type-post_type menu-item-object-page menu-item-10757 awb-menu__li awb-menu__main-li awb-menu__main-li_regular\"  data-item-id=\"10757\"><span class=\"awb-menu__main-background-default awb-menu__main-background-default_fade\"><\/span><span class=\"awb-menu__main-background-active awb-menu__main-background-active_fade\"><\/span><a  href=\"https:\/\/www.novavita.com\/fr\/galerie-bonn\/\" class=\"awb-menu__main-a awb-menu__main-a_regular\"><span class=\"menu-text\">Bonn<\/span><\/a><\/li><li  id=\"menu-item-10758\"  class=\"menu-item menu-item-type-post_type menu-item-object-page menu-item-10758 awb-menu__li awb-menu__main-li awb-menu__main-li_regular\"  data-item-id=\"10758\"><span class=\"awb-menu__main-background-default awb-menu__main-background-default_fade\"><\/span><span class=\"awb-menu__main-background-active awb-menu__main-background-active_fade\"><\/span><a  href=\"https:\/\/www.novavita.com\/fr\/galerie-essen\/\" class=\"awb-menu__main-a awb-menu__main-a_regular\"><span class=\"menu-text\">Essen<\/span><\/a><\/li><li  id=\"menu-item-10759\"  class=\"menu-item menu-item-type-post_type menu-item-object-page menu-item-10759 awb-menu__li awb-menu__main-li awb-menu__main-li_regular\"  data-item-id=\"10759\"><span class=\"awb-menu__main-background-default awb-menu__main-background-default_fade\"><\/span><span class=\"awb-menu__main-background-active awb-menu__main-background-active_fade\"><\/span><a  href=\"https:\/\/www.novavita.com\/fr\/galerie-montreux\/\" class=\"awb-menu__main-a awb-menu__main-a_regular\"><span class=\"menu-text\">Montreux<\/span><\/a><\/li><\/ul><\/nav><div class=\"fusion-sep-clear\"><\/div><div class=\"fusion-separator fusion-full-width-sep\" style=\"margin-left: auto;margin-right: auto;width:100%;\"><div class=\"fusion-separator-border sep-single sep-solid\" style=\"--awb-height:20px;--awb-amount:20px;border-color:#e0dede;border-top-width:1px;\"><\/div><\/div><div class=\"fusion-sep-clear\"><\/div><div class=\"fusion-clearfix\"><\/div><\/div><\/div><\/div><\/div><div class=\"fusion-fullwidth fullwidth-box fusion-builder-row-3 nonhundred-percent-fullwidth non-hundred-percent-height-scrolling\" style=\"--awb-background-position:left top;--awb-border-sizes-top:0px;--awb-border-sizes-bottom:0px;--awb-border-sizes-left:0px;--awb-border-sizes-right:0px;--awb-border-radius-top-left:0px;--awb-border-radius-top-right:0px;--awb-border-radius-bottom-right:0px;--awb-border-radius-bottom-left:0px;--awb-margin-bottom:80px;--awb-flex-wrap:wrap;\" ><div class=\"fusion-builder-row fusion-row\"><div class=\"fusion-layout-column fusion_builder_column fusion-builder-column-2 fusion_builder_column_1_1 1_1 fusion-one-full fusion-column-first fusion-column-last\" style=\"--awb-bg-size:cover;--awb-margin-bottom:0px;\"><div class=\"fusion-column-wrapper fusion-flex-column-wrapper-legacy\"><div class=\"awb-gallery-wrapper awb-gallery-wrapper-1 button-span-no\" data-limit=\"10\" data-page=\"1\"><div style=\"margin:-5px;--awb-bordersize:0px;\" class=\"fusion-gallery fusion-gallery-container fusion-grid-3 fusion-columns-total-7 fusion-gallery-layout-grid fusion-gallery-1\"><div style=\"padding:5px;\" class=\"fusion-grid-column fusion-gallery-column fusion-gallery-column-3 hover-type-none\"><div class=\"fusion-gallery-image\"><a href=\"https:\/\/www.novavita.com\/wp-content\/uploads\/2017\/10\/Nova-Vita-Montreux-SchlossMontreux.jpg\" data-title=\"Nova-Vita-Montreux-SchlossMontreux\" title=\"Nova-Vita-Montreux-SchlossMontreux\" rel=\"noreferrer\" data-rel=\"iLightbox[gallery_image_1]\" class=\"fusion-lightbox\" target=\"_self\"><img decoding=\"async\" src=\"https:\/\/www.novavita.com\/wp-content\/uploads\/2017\/10\/Nova-Vita-Montreux-SchlossMontreux-460x295.jpg\" width=\"460\" height=\"295\" alt=\"nova vita seniorenresidenzen Montreux\" title=\"Nova-Vita-Montreux-SchlossMontreux\" aria-label=\"Nova-Vita-Montreux-SchlossMontreux\" class=\"img-responsive wp-image-1978 fusion-gallery-image-size-fixed\"  \/><\/a><\/div><\/div><div style=\"padding:5px;\" class=\"fusion-grid-column fusion-gallery-column fusion-gallery-column-3 hover-type-none\"><div class=\"fusion-gallery-image\"><a href=\"https:\/\/www.novavita.com\/wp-content\/uploads\/2017\/10\/Nova-Vita-Montreux-Aussenansicht.jpg\" data-title=\"Nova-Vita-Montreux-Aussenansicht\" title=\"Nova-Vita-Montreux-Aussenansicht\" rel=\"noreferrer\" data-rel=\"iLightbox[gallery_image_1]\" class=\"fusion-lightbox\" target=\"_self\"><img decoding=\"async\" src=\"https:\/\/www.novavita.com\/wp-content\/uploads\/2017\/10\/Nova-Vita-Montreux-Aussenansicht-460x295.jpg\" width=\"460\" height=\"295\" alt=\"nova vita seniorenresidenzen Montreux\" title=\"Nova-Vita-Montreux-Aussenansicht\" aria-label=\"Nova-Vita-Montreux-Aussenansicht\" class=\"img-responsive wp-image-1977 fusion-gallery-image-size-fixed\"  \/><\/a><\/div><\/div><div style=\"padding:5px;\" class=\"fusion-grid-column fusion-gallery-column fusion-gallery-column-3 hover-type-none\"><div class=\"fusion-gallery-image\"><a href=\"https:\/\/www.novavita.com\/wp-content\/uploads\/2017\/10\/Nova-Vita-Montreux-Terrasse.jpg\" data-title=\"Nova-Vita-Montreux-Terrasse\" title=\"Nova-Vita-Montreux-Terrasse\" rel=\"noreferrer\" data-rel=\"iLightbox[gallery_image_1]\" class=\"fusion-lightbox\" target=\"_self\"><img decoding=\"async\" src=\"https:\/\/www.novavita.com\/wp-content\/uploads\/2017\/10\/Nova-Vita-Montreux-Terrasse-460x295.jpg\" width=\"460\" height=\"295\" alt=\"nova vita seniorenresidenzen Montreux\" title=\"Nova-Vita-Montreux-Terrasse\" aria-label=\"Nova-Vita-Montreux-Terrasse\" class=\"img-responsive wp-image-1979 fusion-gallery-image-size-fixed\"  \/><\/a><\/div><\/div><div class=\"clearfix\"><\/div><div style=\"padding:5px;\" class=\"fusion-grid-column fusion-gallery-column fusion-gallery-column-3 hover-type-none\"><div class=\"fusion-gallery-image\"><a href=\"https:\/\/www.novavita.com\/wp-content\/uploads\/2017\/10\/Nova-Vita-Montreux-Bibliothek.jpg\" data-title=\"Nova-Vita-Montreux-Bibliothek\" title=\"Nova-Vita-Montreux-Bibliothek\" rel=\"noreferrer\" data-rel=\"iLightbox[gallery_image_1]\" class=\"fusion-lightbox\" target=\"_self\"><img decoding=\"async\" src=\"https:\/\/www.novavita.com\/wp-content\/uploads\/2017\/10\/Nova-Vita-Montreux-Bibliothek-460x295.jpg\" width=\"460\" height=\"295\" alt=\"nova vita seniorenresidenzen Montreux\" title=\"Nova-Vita-Montreux-Bibliothek\" aria-label=\"Nova-Vita-Montreux-Bibliothek\" class=\"img-responsive wp-image-1980 fusion-gallery-image-size-fixed\"  \/><\/a><\/div><\/div><div style=\"padding:5px;\" class=\"fusion-grid-column fusion-gallery-column fusion-gallery-column-3 hover-type-none\"><div class=\"fusion-gallery-image\"><a href=\"https:\/\/www.novavita.com\/wp-content\/uploads\/2017\/10\/Nova-Vita-Montreux-Fitness.jpg\" data-title=\"Nova-Vita-Montreux-Fitness\" title=\"Nova-Vita-Montreux-Fitness\" rel=\"noreferrer\" data-rel=\"iLightbox[gallery_image_1]\" class=\"fusion-lightbox\" target=\"_self\"><img decoding=\"async\" src=\"https:\/\/www.novavita.com\/wp-content\/uploads\/2017\/10\/Nova-Vita-Montreux-Fitness-460x295.jpg\" width=\"460\" height=\"295\" alt=\"nova vita seniorenresidenzen Montreux\" title=\"Nova-Vita-Montreux-Fitness\" aria-label=\"Nova-Vita-Montreux-Fitness\" class=\"img-responsive wp-image-1981 fusion-gallery-image-size-fixed\"  \/><\/a><\/div><\/div><div style=\"padding:5px;\" class=\"fusion-grid-column fusion-gallery-column fusion-gallery-column-3 hover-type-none\"><div class=\"fusion-gallery-image\"><a href=\"https:\/\/www.novavita.com\/wp-content\/uploads\/2017\/10\/Nova-Vita-Montreux-GenferSee.jpg\" data-title=\"Nova-Vita-Montreux-GenferSee\" title=\"Nova-Vita-Montreux-GenferSee\" rel=\"noreferrer\" data-rel=\"iLightbox[gallery_image_1]\" class=\"fusion-lightbox\" target=\"_self\"><img decoding=\"async\" src=\"https:\/\/www.novavita.com\/wp-content\/uploads\/2017\/10\/Nova-Vita-Montreux-GenferSee-460x295.jpg\" width=\"460\" height=\"295\" alt=\"nova vita seniorenresidenzen Montreux\" title=\"Nova-Vita-Montreux-GenferSee\" aria-label=\"Nova-Vita-Montreux-GenferSee\" class=\"img-responsive wp-image-1982 fusion-gallery-image-size-fixed\"  \/><\/a><\/div><\/div><div class=\"clearfix\"><\/div><div style=\"padding:5px;\" class=\"fusion-grid-column fusion-gallery-column fusion-gallery-column-3 hover-type-none\"><div class=\"fusion-gallery-image\"><a href=\"https:\/\/www.novavita.com\/wp-content\/uploads\/2017\/10\/Nova-Vita-Montreux-Restaurant.jpg\" data-title=\"Nova-Vita-Montreux-Restaurant\" title=\"Nova-Vita-Montreux-Restaurant\" rel=\"noreferrer\" data-rel=\"iLightbox[gallery_image_1]\" class=\"fusion-lightbox\" target=\"_self\"><img decoding=\"async\" src=\"https:\/\/www.novavita.com\/wp-content\/uploads\/2017\/10\/Nova-Vita-Montreux-Restaurant-460x295.jpg\" width=\"460\" height=\"295\" alt=\"nova vita seniorenresidenzen Montreux\" title=\"Nova-Vita-Montreux-Restaurant\" aria-label=\"Nova-Vita-Montreux-Restaurant\" class=\"img-responsive wp-image-1983 fusion-gallery-image-size-fixed\"  \/><\/a><\/div><\/div><\/div><\/div><div class=\"fusion-clearfix\"><\/div><\/div><\/div><\/div><\/div><\/p>\n","protected":false},"excerpt":{"rendered":"","protected":false},"author":18,"featured_media":0,"parent":0,"menu_order":0,"comment_status":"closed","ping_status":"closed","template":"100-width.php","meta":{"footnotes":""},"class_list":["post-10690","page","type-page","status-publish","hentry"],"yoast_head":"<!-- This site is optimized with the Yoast SEO plugin v26.8 - https:\/\/yoast.com\/product\/yoast-seo-wordpress\/ -->\n<title>Galerie Montreux - Nova Vita R\u00e9sidences<\/title>\n<meta name=\"robots\" content=\"index, follow, max-snippet:-1, max-image-preview:large, max-video-preview:-1\" \/>\n<link rel=\"canonical\" href=\"https:\/\/p-vl8yw2.project.space\/fr\/galerie-montreux\/\" \/>\n<meta property=\"og:locale\" content=\"fr_FR\" \/>\n<meta property=\"og:type\" content=\"article\" \/>\n<meta property=\"og:title\" content=\"Galerie Montreux - Nova Vita R\u00e9sidences\" \/>\n<meta property=\"og:url\" content=\"https:\/\/p-vl8yw2.project.space\/fr\/galerie-montreux\/\" \/>\n<meta property=\"og:site_name\" content=\"Nova Vita R\u00e9sidences\" \/>\n<meta property=\"article:modified_time\" content=\"2023-01-17T11:17:24+00:00\" \/>\n<meta name=\"twitter:card\" content=\"summary_large_image\" \/>\n<meta name=\"twitter:label1\" content=\"Dur\u00e9e de lecture estim\u00e9e\" \/>\n\t<meta name=\"twitter:data1\" content=\"4 minutes\" \/>\n<script type=\"application\/ld+json\" class=\"yoast-schema-graph\">{\"@context\":\"https:\/\/schema.org\",\"@graph\":[{\"@type\":\"WebPage\",\"@id\":\"https:\/\/p-vl8yw2.project.space\/fr\/galerie-montreux\/\",\"url\":\"https:\/\/p-vl8yw2.project.space\/fr\/galerie-montreux\/\",\"name\":\"Galerie Montreux - Nova Vita R\u00e9sidences\",\"isPartOf\":{\"@id\":\"https:\/\/p-vl8yw2.project.space\/#website\"},\"datePublished\":\"2021-10-06T10:32:42+00:00\",\"dateModified\":\"2023-01-17T11:17:24+00:00\",\"breadcrumb\":{\"@id\":\"https:\/\/p-vl8yw2.project.space\/fr\/galerie-montreux\/#breadcrumb\"},\"inLanguage\":\"fr-FR\",\"potentialAction\":[{\"@type\":\"ReadAction\",\"target\":[\"https:\/\/p-vl8yw2.project.space\/fr\/galerie-montreux\/\"]}]},{\"@type\":\"BreadcrumbList\",\"@id\":\"https:\/\/p-vl8yw2.project.space\/fr\/galerie-montreux\/#breadcrumb\",\"itemListElement\":[{\"@type\":\"ListItem\",\"position\":1,\"name\":\"Startseite\",\"item\":\"https:\/\/p-vl8yw2.project.space\/fr\/\"},{\"@type\":\"ListItem\",\"position\":2,\"name\":\"Galerie Montreux\"}]},{\"@type\":\"WebSite\",\"@id\":\"https:\/\/p-vl8yw2.project.space\/#website\",\"url\":\"https:\/\/p-vl8yw2.project.space\/\",\"name\":\"Nova Vita Residenzen\",\"description\":\"\",\"publisher\":{\"@id\":\"https:\/\/p-vl8yw2.project.space\/#organization\"},\"potentialAction\":[{\"@type\":\"SearchAction\",\"target\":{\"@type\":\"EntryPoint\",\"urlTemplate\":\"https:\/\/p-vl8yw2.project.space\/?s={search_term_string}\"},\"query-input\":{\"@type\":\"PropertyValueSpecification\",\"valueRequired\":true,\"valueName\":\"search_term_string\"}}],\"inLanguage\":\"fr-FR\"},{\"@type\":\"Organization\",\"@id\":\"https:\/\/p-vl8yw2.project.space\/#organization\",\"name\":\"Nova Vita Residenzen\",\"url\":\"https:\/\/p-vl8yw2.project.space\/\",\"logo\":{\"@type\":\"ImageObject\",\"inLanguage\":\"fr-FR\",\"@id\":\"https:\/\/p-vl8yw2.project.space\/#\/schema\/logo\/image\/\",\"url\":\"https:\/\/www.novavita.com\/wp-content\/uploads\/2018\/03\/NV_Logo_RGB.jpg\",\"contentUrl\":\"https:\/\/www.novavita.com\/wp-content\/uploads\/2018\/03\/NV_Logo_RGB.jpg\",\"width\":4277,\"height\":2362,\"caption\":\"Nova Vita Residenzen\"},\"image\":{\"@id\":\"https:\/\/p-vl8yw2.project.space\/#\/schema\/logo\/image\/\"}}]}<\/script>\n<!-- \/ Yoast SEO plugin. -->","yoast_head_json":{"title":"Galerie Montreux - Nova Vita R\u00e9sidences","robots":{"index":"index","follow":"follow","max-snippet":"max-snippet:-1","max-image-preview":"max-image-preview:large","max-video-preview":"max-video-preview:-1"},"canonical":"https:\/\/p-vl8yw2.project.space\/fr\/galerie-montreux\/","og_locale":"fr_FR","og_type":"article","og_title":"Galerie Montreux - Nova Vita R\u00e9sidences","og_url":"https:\/\/p-vl8yw2.project.space\/fr\/galerie-montreux\/","og_site_name":"Nova Vita R\u00e9sidences","article_modified_time":"2023-01-17T11:17:24+00:00","twitter_card":"summary_large_image","twitter_misc":{"Dur\u00e9e de lecture estim\u00e9e":"4 minutes"},"schema":{"@context":"https:\/\/schema.org","@graph":[{"@type":"WebPage","@id":"https:\/\/p-vl8yw2.project.space\/fr\/galerie-montreux\/","url":"https:\/\/p-vl8yw2.project.space\/fr\/galerie-montreux\/","name":"Galerie Montreux - Nova Vita R\u00e9sidences","isPartOf":{"@id":"https:\/\/p-vl8yw2.project.space\/#website"},"datePublished":"2021-10-06T10:32:42+00:00","dateModified":"2023-01-17T11:17:24+00:00","breadcrumb":{"@id":"https:\/\/p-vl8yw2.project.space\/fr\/galerie-montreux\/#breadcrumb"},"inLanguage":"fr-FR","potentialAction":[{"@type":"ReadAction","target":["https:\/\/p-vl8yw2.project.space\/fr\/galerie-montreux\/"]}]},{"@type":"BreadcrumbList","@id":"https:\/\/p-vl8yw2.project.space\/fr\/galerie-montreux\/#breadcrumb","itemListElement":[{"@type":"ListItem","position":1,"name":"Startseite","item":"https:\/\/p-vl8yw2.project.space\/fr\/"},{"@type":"ListItem","position":2,"name":"Galerie Montreux"}]},{"@type":"WebSite","@id":"https:\/\/p-vl8yw2.project.space\/#website","url":"https:\/\/p-vl8yw2.project.space\/","name":"Nova Vita Residenzen","description":"","publisher":{"@id":"https:\/\/p-vl8yw2.project.space\/#organization"},"potentialAction":[{"@type":"SearchAction","target":{"@type":"EntryPoint","urlTemplate":"https:\/\/p-vl8yw2.project.space\/?s={search_term_string}"},"query-input":{"@type":"PropertyValueSpecification","valueRequired":true,"valueName":"search_term_string"}}],"inLanguage":"fr-FR"},{"@type":"Organization","@id":"https:\/\/p-vl8yw2.project.space\/#organization","name":"Nova Vita Residenzen","url":"https:\/\/p-vl8yw2.project.space\/","logo":{"@type":"ImageObject","inLanguage":"fr-FR","@id":"https:\/\/p-vl8yw2.project.space\/#\/schema\/logo\/image\/","url":"https:\/\/www.novavita.com\/wp-content\/uploads\/2018\/03\/NV_Logo_RGB.jpg","contentUrl":"https:\/\/www.novavita.com\/wp-content\/uploads\/2018\/03\/NV_Logo_RGB.jpg","width":4277,"height":2362,"caption":"Nova Vita Residenzen"},"image":{"@id":"https:\/\/p-vl8yw2.project.space\/#\/schema\/logo\/image\/"}}]}},"_links":{"self":[{"href":"https:\/\/www.novavita.com\/fr\/wp-json\/wp\/v2\/pages\/10690","targetHints":{"allow":["GET"]}}],"collection":[{"href":"https:\/\/www.novavita.com\/fr\/wp-json\/wp\/v2\/pages"}],"about":[{"href":"https:\/\/www.novavita.com\/fr\/wp-json\/wp\/v2\/types\/page"}],"author":[{"embeddable":true,"href":"https:\/\/www.novavita.com\/fr\/wp-json\/wp\/v2\/users\/18"}],"replies":[{"embeddable":true,"href":"https:\/\/www.novavita.com\/fr\/wp-json\/wp\/v2\/comments?post=10690"}],"version-history":[{"count":8,"href":"https:\/\/www.novavita.com\/fr\/wp-json\/wp\/v2\/pages\/10690\/revisions"}],"predecessor-version":[{"id":11350,"href":"https:\/\/www.novavita.com\/fr\/wp-json\/wp\/v2\/pages\/10690\/revisions\/11350"}],"wp:attachment":[{"href":"https:\/\/www.novavita.com\/fr\/wp-json\/wp\/v2\/media?parent=10690"}],"curies":[{"name":"wp","href":"https:\/\/api.w.org\/{rel}","templated":true}]}}