{"id":11740,"date":"2024-01-30T11:13:02","date_gmt":"2024-01-30T10:13:02","guid":{"rendered":"https:\/\/www.novavita.com\/?page_id=11740"},"modified":"2025-12-08T14:31:38","modified_gmt":"2025-12-08T13:31:38","slug":"hinschg","status":"publish","type":"page","link":"https:\/\/www.novavita.com\/fr\/hinschg\/","title":{"rendered":"HinSchG"},"content":{"rendered":"<div class=\"fusion-fullwidth fullwidth-box fusion-builder-row-1 fusion-flex-container has-pattern-background has-mask-background nonhundred-percent-fullwidth non-hundred-percent-height-scrolling\" style=\"--awb-border-radius-top-left:0px;--awb-border-radius-top-right:0px;--awb-border-radius-bottom-right:0px;--awb-border-radius-bottom-left:0px;--awb-flex-wrap:wrap;\" ><div class=\"fusion-builder-row fusion-row fusion-flex-align-items-flex-start fusion-flex-content-wrap\" style=\"max-width:1216.8px;margin-left: calc(-4% \/ 2 );margin-right: calc(-4% \/ 2 );\"><div class=\"fusion-layout-column fusion_builder_column fusion-builder-column-0 fusion_builder_column_1_1 1_1 fusion-flex-column\" style=\"--awb-bg-size:cover;--awb-width-large:100%;--awb-margin-top-large:0px;--awb-spacing-right-large:1.92%;--awb-margin-bottom-large:20px;--awb-spacing-left-large:1.92%;--awb-width-medium:100%;--awb-order-medium:0;--awb-spacing-right-medium:1.92%;--awb-spacing-left-medium:1.92%;--awb-width-small:100%;--awb-order-small:0;--awb-spacing-right-small:1.92%;--awb-spacing-left-small:1.92%;\"><div class=\"fusion-column-wrapper fusion-column-has-shadow fusion-flex-justify-content-flex-start fusion-content-layout-column\"><div class=\"fusion-text fusion-text-1\"><h1>Hinweisgeberschutzgesetz &#8211; HinSchG<\/h1>\n<p><strong>Gesetz f\u00fcr einen besseren Schutz hinweisgebender Personen. Geltungsbereich &#8211; Nova Vita Residenzen Bonn, Essen &amp; Berlin.<\/strong><\/p>\n<p style=\"font-weight: 400;\">Dieses Gesetz regelt den Schutz von nat\u00fcrlichen Personen, die im Zusammenhang mit ihrer beruflichen T\u00e4tigkeit oder im Vorfeld einer beruflichen T\u00e4tigkeit Informationen \u00fcber Verst\u00f6\u00dfe erlangt haben und diese an die nach diesem Gesetz vorgesehenen Meldestellen melden oder offenlegen (hinweisgebende Personen).<\/p>\n<p style=\"font-weight: 400;\">Dar\u00fcber hinaus werden Personen gesch\u00fctzt, die Gegenstand einer Meldung oder Offenlegung sind, sowie sonstige Personen, die von einer Meldung oder Offenlegung betroffen sind.<\/p>\n<p style=\"font-weight: 400;\">Die Einhaltung von Gesetzen und internen Regelungen hat f\u00fcr die Nova Vita Residenzen hohe Priorit\u00e4t. Um Hinweisen auf Verst\u00f6\u00dfe mit hohem Risiko f\u00fcr das Unternehmen, seine Besch\u00e4ftigten und andere Personen fair und angemessen nachzugehen, haben wir eine interne Meldestelle eingerichtet. Diese erm\u00f6glicht es den Besch\u00e4ftigten Regelverst\u00f6\u00dfe zu melden. So werden die Nova Vita Residenzen auf m\u00f6gliche Risiken aufmerksam, kann Schaden vom Unternehmen, seinen Besch\u00e4ftigten und Dritten abwenden sowie durch Fehlverhalten gesch\u00e4digte Personen sch\u00fctzen.<\/p>\n<p style=\"font-weight: 400;\">Hinweisgebende, die auf der Grundlage konkreter Anhaltspunkte m\u00f6gliche Verst\u00f6\u00dfe melden, werden vom Unternehmen gesch\u00fctzt und die Vertraulichkeit ihrer Aussagen gew\u00e4hrleistet. Die Diskriminierung oder Einsch\u00fcchterung von Besch\u00e4ftigten, weil sie einen Versto\u00df gemeldet haben, stellt einen Versto\u00df gegen unsere Verhaltensrichtlinie dar und zieht arbeitsrechtliche Disziplinarma\u00dfnahmen nach sich.<\/p>\n<p style=\"font-weight: 400;\">Die Care Management Deutschland GmbH hat f\u00fcr alle Nova Vita Residenzen in Deutschland eine interne Meldestelle (\u00a7 17 HinSchG) eingerichtet welche telefonisch, schriftlich und auf Wunsch auch pers\u00f6nlich den hinweisgebenden Personen zur Verf\u00fcgung steht.<\/p>\n<h2 style=\"font-weight: 400;\"><strong>Interne Meldestelle<\/strong><\/h2>\n<p style=\"font-weight: 400;\">Hinweisgeberschutzbeauftragter: Herr Patrick Neesen<\/p>\n<p style=\"font-weight: 400;\">E-Mail: \u00a0hinweisgeberstelle@novavita.com<\/p>\n<p style=\"font-weight: 400;\">Telefon: \u00a00228\/6298-4800<\/p>\n<h2 style=\"font-weight: 400;\"><strong>Externe Meldestelle<\/strong><\/h2>\n<p style=\"font-weight: 400;\">Bundesamt f\u00fcr Justiz<\/p>\n<p style=\"font-weight: 400;\">Webadresse: \u00a0bundesjustizamt.de<\/p>\n<\/div><\/div><\/div><\/div><\/div>\n","protected":false},"excerpt":{"rendered":"","protected":false},"author":17,"featured_media":0,"parent":0,"menu_order":0,"comment_status":"closed","ping_status":"closed","template":"","meta":{"footnotes":""},"class_list":["post-11740","page","type-page","status-publish","hentry"],"yoast_head":"<!-- This site is optimized with the Yoast SEO plugin v26.8 - https:\/\/yoast.com\/product\/yoast-seo-wordpress\/ -->\n<title>HinSchG - Nova Vita R\u00e9sidences<\/title>\n<meta name=\"robots\" content=\"index, follow, max-snippet:-1, max-image-preview:large, max-video-preview:-1\" \/>\n<link rel=\"canonical\" href=\"https:\/\/www.novavita.com\/hinschg\/\" \/>\n<meta property=\"og:locale\" content=\"fr_FR\" \/>\n<meta property=\"og:type\" content=\"article\" \/>\n<meta property=\"og:title\" content=\"HinSchG - Nova Vita R\u00e9sidences\" \/>\n<meta property=\"og:url\" content=\"https:\/\/www.novavita.com\/hinschg\/\" \/>\n<meta property=\"og:site_name\" content=\"Nova Vita R\u00e9sidences\" \/>\n<meta property=\"article:modified_time\" content=\"2025-12-08T13:31:38+00:00\" \/>\n<meta name=\"twitter:card\" content=\"summary_large_image\" \/>\n<meta name=\"twitter:label1\" content=\"Dur\u00e9e de lecture estim\u00e9e\" \/>\n\t<meta name=\"twitter:data1\" content=\"2 minutes\" \/>\n<script type=\"application\/ld+json\" class=\"yoast-schema-graph\">{\"@context\":\"https:\/\/schema.org\",\"@graph\":[{\"@type\":\"WebPage\",\"@id\":\"https:\/\/www.novavita.com\/hinschg\/\",\"url\":\"https:\/\/www.novavita.com\/hinschg\/\",\"name\":\"HinSchG - Nova Vita R\u00e9sidences\",\"isPartOf\":{\"@id\":\"https:\/\/p-vl8yw2.project.space\/#website\"},\"datePublished\":\"2024-01-30T10:13:02+00:00\",\"dateModified\":\"2025-12-08T13:31:38+00:00\",\"breadcrumb\":{\"@id\":\"https:\/\/www.novavita.com\/hinschg\/#breadcrumb\"},\"inLanguage\":\"fr-FR\",\"potentialAction\":[{\"@type\":\"ReadAction\",\"target\":[\"https:\/\/www.novavita.com\/hinschg\/\"]}]},{\"@type\":\"BreadcrumbList\",\"@id\":\"https:\/\/www.novavita.com\/hinschg\/#breadcrumb\",\"itemListElement\":[{\"@type\":\"ListItem\",\"position\":1,\"name\":\"Startseite\",\"item\":\"https:\/\/p-vl8yw2.project.space\/fr\/\"},{\"@type\":\"ListItem\",\"position\":2,\"name\":\"HinSchG\"}]},{\"@type\":\"WebSite\",\"@id\":\"https:\/\/p-vl8yw2.project.space\/#website\",\"url\":\"https:\/\/p-vl8yw2.project.space\/\",\"name\":\"Nova Vita Residenzen\",\"description\":\"\",\"publisher\":{\"@id\":\"https:\/\/p-vl8yw2.project.space\/#organization\"},\"potentialAction\":[{\"@type\":\"SearchAction\",\"target\":{\"@type\":\"EntryPoint\",\"urlTemplate\":\"https:\/\/p-vl8yw2.project.space\/?s={search_term_string}\"},\"query-input\":{\"@type\":\"PropertyValueSpecification\",\"valueRequired\":true,\"valueName\":\"search_term_string\"}}],\"inLanguage\":\"fr-FR\"},{\"@type\":\"Organization\",\"@id\":\"https:\/\/p-vl8yw2.project.space\/#organization\",\"name\":\"Nova Vita Residenzen\",\"url\":\"https:\/\/p-vl8yw2.project.space\/\",\"logo\":{\"@type\":\"ImageObject\",\"inLanguage\":\"fr-FR\",\"@id\":\"https:\/\/p-vl8yw2.project.space\/#\/schema\/logo\/image\/\",\"url\":\"https:\/\/www.novavita.com\/wp-content\/uploads\/2018\/03\/NV_Logo_RGB.jpg\",\"contentUrl\":\"https:\/\/www.novavita.com\/wp-content\/uploads\/2018\/03\/NV_Logo_RGB.jpg\",\"width\":4277,\"height\":2362,\"caption\":\"Nova Vita Residenzen\"},\"image\":{\"@id\":\"https:\/\/p-vl8yw2.project.space\/#\/schema\/logo\/image\/\"}}]}<\/script>\n<!-- \/ Yoast SEO plugin. -->","yoast_head_json":{"title":"HinSchG - Nova Vita R\u00e9sidences","robots":{"index":"index","follow":"follow","max-snippet":"max-snippet:-1","max-image-preview":"max-image-preview:large","max-video-preview":"max-video-preview:-1"},"canonical":"https:\/\/www.novavita.com\/hinschg\/","og_locale":"fr_FR","og_type":"article","og_title":"HinSchG - Nova Vita R\u00e9sidences","og_url":"https:\/\/www.novavita.com\/hinschg\/","og_site_name":"Nova Vita R\u00e9sidences","article_modified_time":"2025-12-08T13:31:38+00:00","twitter_card":"summary_large_image","twitter_misc":{"Dur\u00e9e de lecture estim\u00e9e":"2 minutes"},"schema":{"@context":"https:\/\/schema.org","@graph":[{"@type":"WebPage","@id":"https:\/\/www.novavita.com\/hinschg\/","url":"https:\/\/www.novavita.com\/hinschg\/","name":"HinSchG - Nova Vita R\u00e9sidences","isPartOf":{"@id":"https:\/\/p-vl8yw2.project.space\/#website"},"datePublished":"2024-01-30T10:13:02+00:00","dateModified":"2025-12-08T13:31:38+00:00","breadcrumb":{"@id":"https:\/\/www.novavita.com\/hinschg\/#breadcrumb"},"inLanguage":"fr-FR","potentialAction":[{"@type":"ReadAction","target":["https:\/\/www.novavita.com\/hinschg\/"]}]},{"@type":"BreadcrumbList","@id":"https:\/\/www.novavita.com\/hinschg\/#breadcrumb","itemListElement":[{"@type":"ListItem","position":1,"name":"Startseite","item":"https:\/\/p-vl8yw2.project.space\/fr\/"},{"@type":"ListItem","position":2,"name":"HinSchG"}]},{"@type":"WebSite","@id":"https:\/\/p-vl8yw2.project.space\/#website","url":"https:\/\/p-vl8yw2.project.space\/","name":"Nova Vita Residenzen","description":"","publisher":{"@id":"https:\/\/p-vl8yw2.project.space\/#organization"},"potentialAction":[{"@type":"SearchAction","target":{"@type":"EntryPoint","urlTemplate":"https:\/\/p-vl8yw2.project.space\/?s={search_term_string}"},"query-input":{"@type":"PropertyValueSpecification","valueRequired":true,"valueName":"search_term_string"}}],"inLanguage":"fr-FR"},{"@type":"Organization","@id":"https:\/\/p-vl8yw2.project.space\/#organization","name":"Nova Vita Residenzen","url":"https:\/\/p-vl8yw2.project.space\/","logo":{"@type":"ImageObject","inLanguage":"fr-FR","@id":"https:\/\/p-vl8yw2.project.space\/#\/schema\/logo\/image\/","url":"https:\/\/www.novavita.com\/wp-content\/uploads\/2018\/03\/NV_Logo_RGB.jpg","contentUrl":"https:\/\/www.novavita.com\/wp-content\/uploads\/2018\/03\/NV_Logo_RGB.jpg","width":4277,"height":2362,"caption":"Nova Vita Residenzen"},"image":{"@id":"https:\/\/p-vl8yw2.project.space\/#\/schema\/logo\/image\/"}}]}},"_links":{"self":[{"href":"https:\/\/www.novavita.com\/fr\/wp-json\/wp\/v2\/pages\/11740","targetHints":{"allow":["GET"]}}],"collection":[{"href":"https:\/\/www.novavita.com\/fr\/wp-json\/wp\/v2\/pages"}],"about":[{"href":"https:\/\/www.novavita.com\/fr\/wp-json\/wp\/v2\/types\/page"}],"author":[{"embeddable":true,"href":"https:\/\/www.novavita.com\/fr\/wp-json\/wp\/v2\/users\/17"}],"replies":[{"embeddable":true,"href":"https:\/\/www.novavita.com\/fr\/wp-json\/wp\/v2\/comments?post=11740"}],"version-history":[{"count":15,"href":"https:\/\/www.novavita.com\/fr\/wp-json\/wp\/v2\/pages\/11740\/revisions"}],"predecessor-version":[{"id":12148,"href":"https:\/\/www.novavita.com\/fr\/wp-json\/wp\/v2\/pages\/11740\/revisions\/12148"}],"wp:attachment":[{"href":"https:\/\/www.novavita.com\/fr\/wp-json\/wp\/v2\/media?parent=11740"}],"curies":[{"name":"wp","href":"https:\/\/api.w.org\/{rel}","templated":true}]}}