{"id":3034,"date":"2017-12-12T11:19:39","date_gmt":"2017-12-12T10:19:39","guid":{"rendered":"http:\/\/wordpress.p430897.webspaceconfig.de\/?page_id=3034"},"modified":"2023-01-17T12:34:34","modified_gmt":"2023-01-17T11:34:34","slug":"nova-vita-jobs","status":"publish","type":"page","link":"https:\/\/www.novavita.com\/fr\/nova-vita-jobs\/","title":{"rendered":"Emploi"},"content":{"rendered":"<p><div class=\"fusion-fullwidth fullwidth-box fusion-builder-row-1 nonhundred-percent-fullwidth non-hundred-percent-height-scrolling\" style=\"--awb-background-position:left top;--awb-border-sizes-top:0px;--awb-border-sizes-bottom:0px;--awb-border-sizes-left:0px;--awb-border-sizes-right:0px;--awb-border-radius-top-left:0px;--awb-border-radius-top-right:0px;--awb-border-radius-bottom-right:0px;--awb-border-radius-bottom-left:0px;--awb-margin-bottom:40px;--awb-flex-wrap:wrap;\" ><div class=\"fusion-builder-row fusion-row\"><div class=\"fusion-layout-column fusion_builder_column fusion-builder-column-0 fusion_builder_column_1_1 1_1 fusion-one-full fusion-column-first fusion-column-last\" style=\"--awb-bg-size:cover;\"><div class=\"fusion-column-wrapper fusion-flex-column-wrapper-legacy\"><div class=\"fusion-text fusion-text-1\"><p style=\"letter-spacing: 4px; font-size: 13px; margin-bottom: 0px; text-align: center;\">OFFRES D&rsquo;EMPLOI<\/p>\n<h1 style=\"text-align: center;\">Nous nous r\u00e9jouissons de votre candidature!<\/h1>\n<\/div><div class=\"fusion-sep-clear\"><\/div><div class=\"fusion-separator\" style=\"margin-left: auto;margin-right: auto;margin-top:0px;margin-bottom:20px;width:100%;max-width:50px;\"><div class=\"fusion-separator-border sep-single sep-solid\" style=\"--awb-height:20px;--awb-amount:20px;--awb-sep-color:#c5d881;border-color:#c5d881;border-top-width:1px;\"><\/div><\/div><div class=\"fusion-sep-clear\"><\/div><div class=\"fusion-clearfix\"><\/div><\/div><\/div><\/div><\/div><div class=\"fusion-fullwidth fullwidth-box fusion-builder-row-2 nonhundred-percent-fullwidth non-hundred-percent-height-scrolling\" style=\"--awb-border-radius-top-left:0px;--awb-border-radius-top-right:0px;--awb-border-radius-bottom-right:0px;--awb-border-radius-bottom-left:0px;--awb-margin-bottom:40px;--awb-flex-wrap:wrap;\" ><div class=\"fusion-builder-row fusion-row\"><div class=\"fusion-layout-column fusion_builder_column fusion-builder-column-1 fusion_builder_column_1_1 1_1 fusion-one-full fusion-column-first fusion-column-last\" style=\"--awb-bg-size:cover;--awb-margin-bottom:-10px;\"><div class=\"fusion-column-wrapper fusion-flex-column-wrapper-legacy\"><div class=\"fusion-text fusion-text-2\"><h3 style=\"text-align: left;\">Site de Berlin<\/h3>\n<\/div><div class=\"fusion-clearfix\"><\/div><\/div><\/div><div class=\"fusion-layout-column fusion_builder_column fusion-builder-column-2 fusion_builder_column_1_3 1_3 fusion-one-third fusion-column-first\" style=\"--awb-bg-size:cover;width:33.333333333333%;width:calc(33.333333333333% - ( ( 4% ) * 0.33333333333333 ) );margin-right: 4%;\"><div class=\"fusion-column-wrapper fusion-flex-column-wrapper-legacy\"><div class=\"fusion-clearfix\"><\/div><\/div><\/div><div class=\"fusion-layout-column fusion_builder_column fusion-builder-column-3 fusion_builder_column_2_3 2_3 fusion-two-third fusion-column-last\" style=\"--awb-bg-size:cover;width:66.666666666667%;width:calc(66.666666666667% - ( ( 4% ) * 0.66666666666667 ) );\"><div class=\"fusion-column-wrapper fusion-flex-column-wrapper-legacy\"><div class=\"fusion-clearfix\"><\/div><\/div><\/div><div class=\"fusion-layout-column fusion_builder_column fusion-builder-column-4 fusion_builder_column_1_1 1_1 fusion-one-full fusion-column-first fusion-column-last\" style=\"--awb-bg-size:cover;--awb-margin-top:20px;--awb-margin-bottom:-10px;\"><div class=\"fusion-column-wrapper fusion-flex-column-wrapper-legacy\"><div class=\"fusion-sep-clear\"><\/div><div class=\"fusion-separator fusion-full-width-sep\" style=\"margin-left: auto;margin-right: auto;margin-top:10px;margin-bottom:10px;width:100%;\"><\/div><div class=\"fusion-sep-clear\"><\/div><div class=\"fusion-text fusion-text-3\"><h3 style=\"text-align: left;\">Site de Essen<\/h3>\n<\/div><div class=\"fusion-clearfix\"><\/div><\/div><\/div><div class=\"fusion-layout-column fusion_builder_column fusion-builder-column-5 fusion_builder_column_1_3 1_3 fusion-one-third fusion-column-first\" style=\"--awb-bg-size:cover;width:33.333333333333%;width:calc(33.333333333333% - ( ( 4% ) * 0.33333333333333 ) );margin-right: 4%;\"><div class=\"fusion-column-wrapper fusion-flex-column-wrapper-legacy\"><div class=\"fusion-clearfix\"><\/div><\/div><\/div><div class=\"fusion-layout-column fusion_builder_column fusion-builder-column-6 fusion_builder_column_2_3 2_3 fusion-two-third fusion-column-last\" style=\"--awb-bg-size:cover;width:66.666666666667%;width:calc(66.666666666667% - ( ( 4% ) * 0.66666666666667 ) );\"><div class=\"fusion-column-wrapper fusion-flex-column-wrapper-legacy\"><div class=\"fusion-clearfix\"><\/div><\/div><\/div><div class=\"fusion-layout-column fusion_builder_column fusion-builder-column-7 fusion_builder_column_1_1 1_1 fusion-one-full fusion-column-first fusion-column-last\" style=\"--awb-bg-size:cover;--awb-margin-top:20px;--awb-margin-bottom:-10px;\"><div class=\"fusion-column-wrapper fusion-flex-column-wrapper-legacy\"><div class=\"fusion-sep-clear\"><\/div><div class=\"fusion-separator fusion-full-width-sep\" style=\"margin-left: auto;margin-right: auto;margin-top:10px;margin-bottom:10px;width:100%;\"><\/div><div class=\"fusion-sep-clear\"><\/div><div class=\"fusion-text fusion-text-4\"><h3 style=\"text-align: left;\">Site de Bonn<\/h3>\n<\/div><div class=\"fusion-clearfix\"><\/div><\/div><\/div><div class=\"fusion-layout-column fusion_builder_column fusion-builder-column-8 fusion_builder_column_1_3 1_3 fusion-one-third fusion-column-first\" style=\"--awb-bg-size:cover;width:33.333333333333%;width:calc(33.333333333333% - ( ( 4% ) * 0.33333333333333 ) );margin-right: 4%;\"><div class=\"fusion-column-wrapper fusion-flex-column-wrapper-legacy\"><div class=\"fusion-clearfix\"><\/div><\/div><\/div><div class=\"fusion-layout-column fusion_builder_column fusion-builder-column-9 fusion_builder_column_2_3 2_3 fusion-two-third fusion-column-last\" style=\"--awb-bg-size:cover;width:66.666666666667%;width:calc(66.666666666667% - ( ( 4% ) * 0.66666666666667 ) );\"><div class=\"fusion-column-wrapper fusion-flex-column-wrapper-legacy\"><div class=\"fusion-clearfix\"><\/div><\/div><\/div><div class=\"fusion-layout-column fusion_builder_column fusion-builder-column-10 fusion_builder_column_1_1 1_1 fusion-one-full fusion-column-first fusion-column-last\" style=\"--awb-bg-size:cover;--awb-margin-top:20px;--awb-margin-bottom:-10px;\"><div class=\"fusion-column-wrapper fusion-flex-column-wrapper-legacy\"><div class=\"fusion-sep-clear\"><\/div><div class=\"fusion-separator fusion-full-width-sep\" style=\"margin-left: auto;margin-right: auto;margin-top:10px;margin-bottom:10px;width:100%;\"><\/div><div class=\"fusion-sep-clear\"><\/div><div class=\"fusion-text fusion-text-5\"><h3 style=\"text-align: left;\">Site de Montreux<\/h3>\n<\/div><div class=\"fusion-clearfix\"><\/div><\/div><\/div><div class=\"fusion-layout-column fusion_builder_column fusion-builder-column-11 fusion_builder_column_1_3 1_3 fusion-one-third fusion-column-first\" style=\"--awb-bg-size:cover;width:33.333333333333%;width:calc(33.333333333333% - ( ( 4% ) * 0.33333333333333 ) );margin-right: 4%;\"><div class=\"fusion-column-wrapper fusion-flex-column-wrapper-legacy\"><div class=\"fusion-image-element fusion-image-align-center in-legacy-container\" style=\"text-align:center;--awb-caption-title-font-family:var(--h2_typography-font-family);--awb-caption-title-font-weight:var(--h2_typography-font-weight);--awb-caption-title-font-style:var(--h2_typography-font-style);--awb-caption-title-size:var(--h2_typography-font-size);--awb-caption-title-transform:var(--h2_typography-text-transform);--awb-caption-title-line-height:var(--h2_typography-line-height);--awb-caption-title-letter-spacing:var(--h2_typography-letter-spacing);\"><div class=\"imageframe-align-center\"><span class=\" fusion-imageframe imageframe-none imageframe-1 hover-type-zoomin\"><img decoding=\"async\" width=\"2300\" height=\"1265\" alt=\"nova vita seniorenresidenzen\" title=\"slide3_montreux_Aussenansicht\" src=\"https:\/\/www.novavita.com\/wp-content\/uploads\/2017\/11\/slide3_montreux_Aussenansicht.jpg\" class=\"img-responsive wp-image-9341\" srcset=\"https:\/\/www.novavita.com\/wp-content\/uploads\/2017\/11\/slide3_montreux_Aussenansicht-200x110.jpg 200w, https:\/\/www.novavita.com\/wp-content\/uploads\/2017\/11\/slide3_montreux_Aussenansicht-400x220.jpg 400w, https:\/\/www.novavita.com\/wp-content\/uploads\/2017\/11\/slide3_montreux_Aussenansicht-600x330.jpg 600w, https:\/\/www.novavita.com\/wp-content\/uploads\/2017\/11\/slide3_montreux_Aussenansicht-800x440.jpg 800w, https:\/\/www.novavita.com\/wp-content\/uploads\/2017\/11\/slide3_montreux_Aussenansicht-1200x660.jpg 1200w, https:\/\/www.novavita.com\/wp-content\/uploads\/2017\/11\/slide3_montreux_Aussenansicht.jpg 2300w\" sizes=\"(max-width: 800px) 100vw, 400px\" \/><\/span><\/div><\/div><div class=\"fusion-clearfix\"><\/div><\/div><\/div><div class=\"fusion-layout-column fusion_builder_column fusion-builder-column-12 fusion_builder_column_2_3 2_3 fusion-two-third fusion-column-last\" style=\"--awb-bg-size:cover;width:66.666666666667%;width:calc(66.666666666667% - ( ( 4% ) * 0.66666666666667 ) );\"><div class=\"fusion-column-wrapper fusion-flex-column-wrapper-legacy\"><div class=\"accordian fusion-accordian\" style=\"--awb-border-size:1px;--awb-icon-size:13px;--awb-content-font-size:16px;--awb-icon-alignment:left;--awb-hover-color:#f9f9f9;--awb-border-color:#cccccc;--awb-background-color:#ffffff;--awb-divider-color:#e0dede;--awb-divider-hover-color:#e0dede;--awb-icon-color:#ffffff;--awb-title-color:#171717;--awb-content-color:#222222;--awb-icon-box-color:#333333;--awb-toggle-hover-accent-color:#c5d881;--awb-title-font-family:&quot;Playfair Display&quot;;--awb-title-font-weight:400;--awb-title-font-style:normal;--awb-title-font-size:18px;--awb-title-letter-spacing:0px;--awb-title-line-height:1.67;--awb-content-font-family:&quot;Open Sans&quot;;--awb-content-font-style:normal;--awb-content-font-weight:400;\"><div class=\"panel-group fusion-toggle-icon-boxed\" id=\"accordion-3034-1\"><\/div><\/div><div class=\"fusion-clearfix\"><\/div><\/div><\/div><\/div><\/div><\/p>\n","protected":false},"excerpt":{"rendered":"","protected":false},"author":18,"featured_media":0,"parent":0,"menu_order":0,"comment_status":"open","ping_status":"closed","template":"100-width.php","meta":{"footnotes":""},"class_list":["post-3034","page","type-page","status-publish","hentry"],"yoast_head":"<!-- This site is optimized with the Yoast SEO plugin v26.8 - https:\/\/yoast.com\/product\/yoast-seo-wordpress\/ -->\n<title>Jobs und Stellenangebote | Nova Vita Residenzen | Krankenschwester<\/title>\n<meta name=\"description\" content=\"Jobs bei Nova Vita. Wir freuen uns auf Ihre Bewerbung als Krankenschwester, Altenpfleger, Altenpflegerin, Betreuungskraft, Pflegefachkraft, Pflegehilfskraft, Pflegeassistent\" \/>\n<meta name=\"robots\" content=\"index, follow, max-snippet:-1, max-image-preview:large, max-video-preview:-1\" \/>\n<link rel=\"canonical\" href=\"https:\/\/p-vl8yw2.project.space\/?page_id=2494\" \/>\n<meta property=\"og:locale\" content=\"fr_FR\" \/>\n<meta property=\"og:type\" content=\"article\" \/>\n<meta property=\"og:title\" content=\"Jobs und Stellenangebote | Nova Vita Residenzen | Krankenschwester\" \/>\n<meta property=\"og:description\" content=\"Jobs bei Nova Vita. Wir freuen uns auf Ihre Bewerbung als Krankenschwester, Altenpfleger, Altenpflegerin, Betreuungskraft, Pflegefachkraft, Pflegehilfskraft, Pflegeassistent\" \/>\n<meta property=\"og:url\" content=\"https:\/\/p-vl8yw2.project.space\/?page_id=2494\" \/>\n<meta property=\"og:site_name\" content=\"Nova Vita R\u00e9sidences\" \/>\n<meta property=\"article:modified_time\" content=\"2023-01-17T11:34:34+00:00\" \/>\n<meta name=\"twitter:card\" content=\"summary_large_image\" \/>\n<meta name=\"twitter:label1\" content=\"Dur\u00e9e de lecture estim\u00e9e\" \/>\n\t<meta name=\"twitter:data1\" content=\"4 minutes\" \/>\n<script type=\"application\/ld+json\" class=\"yoast-schema-graph\">{\"@context\":\"https:\/\/schema.org\",\"@graph\":[{\"@type\":\"WebPage\",\"@id\":\"https:\/\/p-vl8yw2.project.space\/?page_id=2494\",\"url\":\"https:\/\/p-vl8yw2.project.space\/?page_id=2494\",\"name\":\"Jobs und Stellenangebote | Nova Vita Residenzen | Krankenschwester\",\"isPartOf\":{\"@id\":\"https:\/\/p-vl8yw2.project.space\/#website\"},\"datePublished\":\"2017-12-12T10:19:39+00:00\",\"dateModified\":\"2023-01-17T11:34:34+00:00\",\"description\":\"Jobs bei Nova Vita. Wir freuen uns auf Ihre Bewerbung als Krankenschwester, Altenpfleger, Altenpflegerin, Betreuungskraft, Pflegefachkraft, Pflegehilfskraft, Pflegeassistent\",\"breadcrumb\":{\"@id\":\"https:\/\/p-vl8yw2.project.space\/?page_id=2494#breadcrumb\"},\"inLanguage\":\"fr-FR\",\"potentialAction\":[{\"@type\":\"ReadAction\",\"target\":[\"https:\/\/p-vl8yw2.project.space\/?page_id=2494\"]}]},{\"@type\":\"BreadcrumbList\",\"@id\":\"https:\/\/p-vl8yw2.project.space\/?page_id=2494#breadcrumb\",\"itemListElement\":[{\"@type\":\"ListItem\",\"position\":1,\"name\":\"Startseite\",\"item\":\"https:\/\/p-vl8yw2.project.space\/fr\/\"},{\"@type\":\"ListItem\",\"position\":2,\"name\":\"Emploi\"}]},{\"@type\":\"WebSite\",\"@id\":\"https:\/\/p-vl8yw2.project.space\/#website\",\"url\":\"https:\/\/p-vl8yw2.project.space\/\",\"name\":\"Nova Vita Residenzen\",\"description\":\"\",\"publisher\":{\"@id\":\"https:\/\/p-vl8yw2.project.space\/#organization\"},\"potentialAction\":[{\"@type\":\"SearchAction\",\"target\":{\"@type\":\"EntryPoint\",\"urlTemplate\":\"https:\/\/p-vl8yw2.project.space\/?s={search_term_string}\"},\"query-input\":{\"@type\":\"PropertyValueSpecification\",\"valueRequired\":true,\"valueName\":\"search_term_string\"}}],\"inLanguage\":\"fr-FR\"},{\"@type\":\"Organization\",\"@id\":\"https:\/\/p-vl8yw2.project.space\/#organization\",\"name\":\"Nova Vita Residenzen\",\"url\":\"https:\/\/p-vl8yw2.project.space\/\",\"logo\":{\"@type\":\"ImageObject\",\"inLanguage\":\"fr-FR\",\"@id\":\"https:\/\/p-vl8yw2.project.space\/#\/schema\/logo\/image\/\",\"url\":\"https:\/\/www.novavita.com\/wp-content\/uploads\/2018\/03\/NV_Logo_RGB.jpg\",\"contentUrl\":\"https:\/\/www.novavita.com\/wp-content\/uploads\/2018\/03\/NV_Logo_RGB.jpg\",\"width\":4277,\"height\":2362,\"caption\":\"Nova Vita Residenzen\"},\"image\":{\"@id\":\"https:\/\/p-vl8yw2.project.space\/#\/schema\/logo\/image\/\"}}]}<\/script>\n<!-- \/ Yoast SEO plugin. -->","yoast_head_json":{"title":"Jobs und Stellenangebote | Nova Vita Residenzen | Krankenschwester","description":"Jobs bei Nova Vita. Wir freuen uns auf Ihre Bewerbung als Krankenschwester, Altenpfleger, Altenpflegerin, Betreuungskraft, Pflegefachkraft, Pflegehilfskraft, Pflegeassistent","robots":{"index":"index","follow":"follow","max-snippet":"max-snippet:-1","max-image-preview":"max-image-preview:large","max-video-preview":"max-video-preview:-1"},"canonical":"https:\/\/p-vl8yw2.project.space\/?page_id=2494","og_locale":"fr_FR","og_type":"article","og_title":"Jobs und Stellenangebote | Nova Vita Residenzen | Krankenschwester","og_description":"Jobs bei Nova Vita. Wir freuen uns auf Ihre Bewerbung als Krankenschwester, Altenpfleger, Altenpflegerin, Betreuungskraft, Pflegefachkraft, Pflegehilfskraft, Pflegeassistent","og_url":"https:\/\/p-vl8yw2.project.space\/?page_id=2494","og_site_name":"Nova Vita R\u00e9sidences","article_modified_time":"2023-01-17T11:34:34+00:00","twitter_card":"summary_large_image","twitter_misc":{"Dur\u00e9e de lecture estim\u00e9e":"4 minutes"},"schema":{"@context":"https:\/\/schema.org","@graph":[{"@type":"WebPage","@id":"https:\/\/p-vl8yw2.project.space\/?page_id=2494","url":"https:\/\/p-vl8yw2.project.space\/?page_id=2494","name":"Jobs und Stellenangebote | Nova Vita Residenzen | Krankenschwester","isPartOf":{"@id":"https:\/\/p-vl8yw2.project.space\/#website"},"datePublished":"2017-12-12T10:19:39+00:00","dateModified":"2023-01-17T11:34:34+00:00","description":"Jobs bei Nova Vita. Wir freuen uns auf Ihre Bewerbung als Krankenschwester, Altenpfleger, Altenpflegerin, Betreuungskraft, Pflegefachkraft, Pflegehilfskraft, Pflegeassistent","breadcrumb":{"@id":"https:\/\/p-vl8yw2.project.space\/?page_id=2494#breadcrumb"},"inLanguage":"fr-FR","potentialAction":[{"@type":"ReadAction","target":["https:\/\/p-vl8yw2.project.space\/?page_id=2494"]}]},{"@type":"BreadcrumbList","@id":"https:\/\/p-vl8yw2.project.space\/?page_id=2494#breadcrumb","itemListElement":[{"@type":"ListItem","position":1,"name":"Startseite","item":"https:\/\/p-vl8yw2.project.space\/fr\/"},{"@type":"ListItem","position":2,"name":"Emploi"}]},{"@type":"WebSite","@id":"https:\/\/p-vl8yw2.project.space\/#website","url":"https:\/\/p-vl8yw2.project.space\/","name":"Nova Vita Residenzen","description":"","publisher":{"@id":"https:\/\/p-vl8yw2.project.space\/#organization"},"potentialAction":[{"@type":"SearchAction","target":{"@type":"EntryPoint","urlTemplate":"https:\/\/p-vl8yw2.project.space\/?s={search_term_string}"},"query-input":{"@type":"PropertyValueSpecification","valueRequired":true,"valueName":"search_term_string"}}],"inLanguage":"fr-FR"},{"@type":"Organization","@id":"https:\/\/p-vl8yw2.project.space\/#organization","name":"Nova Vita Residenzen","url":"https:\/\/p-vl8yw2.project.space\/","logo":{"@type":"ImageObject","inLanguage":"fr-FR","@id":"https:\/\/p-vl8yw2.project.space\/#\/schema\/logo\/image\/","url":"https:\/\/www.novavita.com\/wp-content\/uploads\/2018\/03\/NV_Logo_RGB.jpg","contentUrl":"https:\/\/www.novavita.com\/wp-content\/uploads\/2018\/03\/NV_Logo_RGB.jpg","width":4277,"height":2362,"caption":"Nova Vita Residenzen"},"image":{"@id":"https:\/\/p-vl8yw2.project.space\/#\/schema\/logo\/image\/"}}]}},"_links":{"self":[{"href":"https:\/\/www.novavita.com\/fr\/wp-json\/wp\/v2\/pages\/3034","targetHints":{"allow":["GET"]}}],"collection":[{"href":"https:\/\/www.novavita.com\/fr\/wp-json\/wp\/v2\/pages"}],"about":[{"href":"https:\/\/www.novavita.com\/fr\/wp-json\/wp\/v2\/types\/page"}],"author":[{"embeddable":true,"href":"https:\/\/www.novavita.com\/fr\/wp-json\/wp\/v2\/users\/18"}],"replies":[{"embeddable":true,"href":"https:\/\/www.novavita.com\/fr\/wp-json\/wp\/v2\/comments?post=3034"}],"version-history":[{"count":109,"href":"https:\/\/www.novavita.com\/fr\/wp-json\/wp\/v2\/pages\/3034\/revisions"}],"predecessor-version":[{"id":11354,"href":"https:\/\/www.novavita.com\/fr\/wp-json\/wp\/v2\/pages\/3034\/revisions\/11354"}],"wp:attachment":[{"href":"https:\/\/www.novavita.com\/fr\/wp-json\/wp\/v2\/media?parent=3034"}],"curies":[{"name":"wp","href":"https:\/\/api.w.org\/{rel}","templated":true}]}}