{"id":7999,"date":"2018-05-14T16:43:37","date_gmt":"2018-05-14T14:43:37","guid":{"rendered":"https:\/\/www.novavita.com\/datenschutz\/"},"modified":"2025-12-08T15:01:36","modified_gmt":"2025-12-08T14:01:36","slug":"datenschutz-2","status":"publish","type":"page","link":"https:\/\/www.novavita.com\/fr\/datenschutz-2\/","title":{"rendered":"Datenschutz"},"content":{"rendered":"<p><div class=\"fusion-fullwidth fullwidth-box fusion-builder-row-1 nonhundred-percent-fullwidth non-hundred-percent-height-scrolling\" style=\"--awb-background-position:left top;--awb-border-sizes-top:0px;--awb-border-sizes-bottom:0px;--awb-border-sizes-left:0px;--awb-border-sizes-right:0px;--awb-border-radius-top-left:0px;--awb-border-radius-top-right:0px;--awb-border-radius-bottom-right:0px;--awb-border-radius-bottom-left:0px;--awb-padding-bottom:40px;--awb-flex-wrap:wrap;\" ><div class=\"fusion-builder-row fusion-row\"><div class=\"fusion-layout-column fusion_builder_column fusion-builder-column-0 fusion_builder_column_1_1 1_1 fusion-one-full fusion-column-first fusion-column-last\" style=\"--awb-bg-size:cover;\"><div class=\"fusion-column-wrapper fusion-flex-column-wrapper-legacy\"><div class=\"fusion-text fusion-text-1\"><h1 style=\"text-align: center;\">Datenschutzerkl\u00e4rung<\/h1>\n<\/div><div class=\"fusion-sep-clear\"><\/div><div class=\"fusion-separator\" style=\"margin-left: auto;margin-right: auto;margin-top:0px;margin-bottom:20px;width:100%;max-width:50px;\"><div class=\"fusion-separator-border sep-single sep-solid\" style=\"--awb-height:20px;--awb-amount:20px;--awb-sep-color:#c5d881;border-color:#c5d881;border-top-width:1px;\"><\/div><\/div><div class=\"fusion-sep-clear\"><\/div><div class=\"fusion-clearfix\"><\/div><\/div><\/div><\/div><\/div><div class=\"fusion-fullwidth fullwidth-box fusion-builder-row-2 nonhundred-percent-fullwidth non-hundred-percent-height-scrolling\" style=\"--awb-border-radius-top-left:0px;--awb-border-radius-top-right:0px;--awb-border-radius-bottom-right:0px;--awb-border-radius-bottom-left:0px;--awb-margin-top:20px;--awb-margin-bottom:40px;--awb-flex-wrap:wrap;\" ><div class=\"fusion-builder-row fusion-row\"><div class=\"fusion-layout-column fusion_builder_column fusion-builder-column-1 fusion_builder_column_1_1 1_1 fusion-one-full fusion-column-first fusion-column-last\" style=\"--awb-bg-size:cover;\"><div class=\"fusion-column-wrapper fusion-flex-column-wrapper-legacy\"><div class=\"fusion-text fusion-text-2\"><p>Care Management Suisse GmbH<br \/>\nAvenue de Chillon 18<br \/>\nCH- Territet-Veytaux<br \/>\nTel. +41\u00a0(0)\u00a021\u00a0967\u00a030\u00a000<br \/>\nFax +41\u00a0(0)\u00a021\u00a0967\u00a030\u00a020<br \/>\nE-Mail: <a href=\"mailto: mail@cm-int.com\">mail@cm-int.com<\/a><\/p>\n<\/div><div class=\"fusion-clearfix\"><\/div><\/div><\/div><div class=\"fusion-layout-column fusion_builder_column fusion-builder-column-2 fusion_builder_column_1_1 1_1 fusion-one-full fusion-column-first fusion-column-last\" style=\"--awb-bg-size:cover;\"><div class=\"fusion-column-wrapper fusion-flex-column-wrapper-legacy\"><div class=\"fusion-text fusion-text-3\"><h2 class=\"p1\"><span class=\"s1\">Auskunftsrecht<\/span><\/h2>\n<p class=\"p2\"><span class=\"s1\">Nach den Regelungen des Bundesdatenschutzgesetzes haben Sie ein Recht auf unentgeltliche Auskunft \u00fcber Ihre gespeicherten Daten sowie ggf. ein Recht auf Berichtigung, Sperrung oder L\u00f6schung dieser Daten.<\/span><\/p>\n<h2>Ansprechpartner f\u00fcr Datenschutz<\/h2>\n<p>Sollten Sie Fragen zur Erhebung, Verarbeitung oder Nutzung Ihrer personenbezogenen Daten haben oder Auskunft, Berichtigung, Sperrung oder L\u00f6schung von Daten begehren, wenden Sie sich bitte ebenso wie zum Widerruf erteilter Einwilligungen an:<br \/>\nTelefon: (0228) 62 98-0<br \/>\nE-Mail:<a href=\"mailto:datenschutz@novavita.com\">\u00a0<span class=\"s1\">datenschutz@novavita.com<\/span><\/a><\/p>\n<p><em>Quelle: <a href=\"https:\/\/www.wbs-law.de\/\">www.wbs-law.de<\/a><\/em><\/p>\n<\/div><div class=\"fusion-clearfix\"><\/div><\/div><\/div><\/div><\/div><\/p>\n","protected":false},"excerpt":{"rendered":"","protected":false},"author":18,"featured_media":0,"parent":0,"menu_order":0,"comment_status":"open","ping_status":"open","template":"100-width.php","meta":{"footnotes":""},"class_list":["post-7999","page","type-page","status-publish","hentry"],"yoast_head":"<!-- This site is optimized with the Yoast SEO plugin v26.8 - https:\/\/yoast.com\/product\/yoast-seo-wordpress\/ -->\n<title>Datenschutz | Nova Vita Residenzen - Bonn, Berlin, Essen, Montreux<\/title>\n<meta name=\"description\" content=\"Datenschutz Nova Vita Residenzen - Ihr Zuhause f\u00fcr ein selbstbestimmtes Leben im Alter! Wir unterst\u00fctzen unsere Bewohner dabei, bis ins hohe Alter ein m\u00f6glichst selbstbestimmtes Leben zu f\u00fchren, bieten aber Hilfe an, wo immer sie gew\u00fcnscht und notwendig ist \u2013 frei und doch besch\u00fctzt sein.\" \/>\n<meta name=\"robots\" content=\"index, follow, max-snippet:-1, max-image-preview:large, max-video-preview:-1\" \/>\n<link rel=\"canonical\" href=\"https:\/\/www.novavita.com\/fr\/datenschutz-2\/\" \/>\n<meta property=\"og:locale\" content=\"fr_FR\" \/>\n<meta property=\"og:type\" content=\"article\" \/>\n<meta property=\"og:title\" content=\"Datenschutz | Nova Vita Residenzen - Bonn, Berlin, Essen, Montreux\" \/>\n<meta property=\"og:description\" content=\"Datenschutz Nova Vita Residenzen - Ihr Zuhause f\u00fcr ein selbstbestimmtes Leben im Alter! Wir unterst\u00fctzen unsere Bewohner dabei, bis ins hohe Alter ein m\u00f6glichst selbstbestimmtes Leben zu f\u00fchren, bieten aber Hilfe an, wo immer sie gew\u00fcnscht und notwendig ist \u2013 frei und doch besch\u00fctzt sein.\" \/>\n<meta property=\"og:url\" content=\"https:\/\/www.novavita.com\/fr\/datenschutz-2\/\" \/>\n<meta property=\"og:site_name\" content=\"Nova Vita R\u00e9sidences\" \/>\n<meta property=\"article:modified_time\" content=\"2025-12-08T14:01:36+00:00\" \/>\n<meta name=\"twitter:card\" content=\"summary_large_image\" \/>\n<meta name=\"twitter:label1\" content=\"Dur\u00e9e de lecture estim\u00e9e\" \/>\n\t<meta name=\"twitter:data1\" content=\"1 minute\" \/>\n<script type=\"application\/ld+json\" class=\"yoast-schema-graph\">{\"@context\":\"https:\/\/schema.org\",\"@graph\":[{\"@type\":\"WebPage\",\"@id\":\"https:\/\/www.novavita.com\/fr\/datenschutz-2\/\",\"url\":\"https:\/\/www.novavita.com\/fr\/datenschutz-2\/\",\"name\":\"Datenschutz | Nova Vita Residenzen - Bonn, Berlin, Essen, Montreux\",\"isPartOf\":{\"@id\":\"https:\/\/p-vl8yw2.project.space\/#website\"},\"datePublished\":\"2018-05-14T14:43:37+00:00\",\"dateModified\":\"2025-12-08T14:01:36+00:00\",\"description\":\"Datenschutz Nova Vita Residenzen - Ihr Zuhause f\u00fcr ein selbstbestimmtes Leben im Alter! Wir unterst\u00fctzen unsere Bewohner dabei, bis ins hohe Alter ein m\u00f6glichst selbstbestimmtes Leben zu f\u00fchren, bieten aber Hilfe an, wo immer sie gew\u00fcnscht und notwendig ist \u2013 frei und doch besch\u00fctzt sein.\",\"breadcrumb\":{\"@id\":\"https:\/\/www.novavita.com\/fr\/datenschutz-2\/#breadcrumb\"},\"inLanguage\":\"fr-FR\",\"potentialAction\":[{\"@type\":\"ReadAction\",\"target\":[\"https:\/\/www.novavita.com\/fr\/datenschutz-2\/\"]}]},{\"@type\":\"BreadcrumbList\",\"@id\":\"https:\/\/www.novavita.com\/fr\/datenschutz-2\/#breadcrumb\",\"itemListElement\":[{\"@type\":\"ListItem\",\"position\":1,\"name\":\"Startseite\",\"item\":\"https:\/\/p-vl8yw2.project.space\/fr\/\"},{\"@type\":\"ListItem\",\"position\":2,\"name\":\"Datenschutz\"}]},{\"@type\":\"WebSite\",\"@id\":\"https:\/\/p-vl8yw2.project.space\/#website\",\"url\":\"https:\/\/p-vl8yw2.project.space\/\",\"name\":\"Nova Vita Residenzen\",\"description\":\"\",\"publisher\":{\"@id\":\"https:\/\/p-vl8yw2.project.space\/#organization\"},\"potentialAction\":[{\"@type\":\"SearchAction\",\"target\":{\"@type\":\"EntryPoint\",\"urlTemplate\":\"https:\/\/p-vl8yw2.project.space\/?s={search_term_string}\"},\"query-input\":{\"@type\":\"PropertyValueSpecification\",\"valueRequired\":true,\"valueName\":\"search_term_string\"}}],\"inLanguage\":\"fr-FR\"},{\"@type\":\"Organization\",\"@id\":\"https:\/\/p-vl8yw2.project.space\/#organization\",\"name\":\"Nova Vita Residenzen\",\"url\":\"https:\/\/p-vl8yw2.project.space\/\",\"logo\":{\"@type\":\"ImageObject\",\"inLanguage\":\"fr-FR\",\"@id\":\"https:\/\/p-vl8yw2.project.space\/#\/schema\/logo\/image\/\",\"url\":\"https:\/\/www.novavita.com\/wp-content\/uploads\/2018\/03\/NV_Logo_RGB.jpg\",\"contentUrl\":\"https:\/\/www.novavita.com\/wp-content\/uploads\/2018\/03\/NV_Logo_RGB.jpg\",\"width\":4277,\"height\":2362,\"caption\":\"Nova Vita Residenzen\"},\"image\":{\"@id\":\"https:\/\/p-vl8yw2.project.space\/#\/schema\/logo\/image\/\"}}]}<\/script>\n<!-- \/ Yoast SEO plugin. -->","yoast_head_json":{"title":"Datenschutz | Nova Vita Residenzen - Bonn, Berlin, Essen, Montreux","description":"Datenschutz Nova Vita Residenzen - Ihr Zuhause f\u00fcr ein selbstbestimmtes Leben im Alter! Wir unterst\u00fctzen unsere Bewohner dabei, bis ins hohe Alter ein m\u00f6glichst selbstbestimmtes Leben zu f\u00fchren, bieten aber Hilfe an, wo immer sie gew\u00fcnscht und notwendig ist \u2013 frei und doch besch\u00fctzt sein.","robots":{"index":"index","follow":"follow","max-snippet":"max-snippet:-1","max-image-preview":"max-image-preview:large","max-video-preview":"max-video-preview:-1"},"canonical":"https:\/\/www.novavita.com\/fr\/datenschutz-2\/","og_locale":"fr_FR","og_type":"article","og_title":"Datenschutz | Nova Vita Residenzen - Bonn, Berlin, Essen, Montreux","og_description":"Datenschutz Nova Vita Residenzen - Ihr Zuhause f\u00fcr ein selbstbestimmtes Leben im Alter! Wir unterst\u00fctzen unsere Bewohner dabei, bis ins hohe Alter ein m\u00f6glichst selbstbestimmtes Leben zu f\u00fchren, bieten aber Hilfe an, wo immer sie gew\u00fcnscht und notwendig ist \u2013 frei und doch besch\u00fctzt sein.","og_url":"https:\/\/www.novavita.com\/fr\/datenschutz-2\/","og_site_name":"Nova Vita R\u00e9sidences","article_modified_time":"2025-12-08T14:01:36+00:00","twitter_card":"summary_large_image","twitter_misc":{"Dur\u00e9e de lecture estim\u00e9e":"1 minute"},"schema":{"@context":"https:\/\/schema.org","@graph":[{"@type":"WebPage","@id":"https:\/\/www.novavita.com\/fr\/datenschutz-2\/","url":"https:\/\/www.novavita.com\/fr\/datenschutz-2\/","name":"Datenschutz | Nova Vita Residenzen - Bonn, Berlin, Essen, Montreux","isPartOf":{"@id":"https:\/\/p-vl8yw2.project.space\/#website"},"datePublished":"2018-05-14T14:43:37+00:00","dateModified":"2025-12-08T14:01:36+00:00","description":"Datenschutz Nova Vita Residenzen - Ihr Zuhause f\u00fcr ein selbstbestimmtes Leben im Alter! Wir unterst\u00fctzen unsere Bewohner dabei, bis ins hohe Alter ein m\u00f6glichst selbstbestimmtes Leben zu f\u00fchren, bieten aber Hilfe an, wo immer sie gew\u00fcnscht und notwendig ist \u2013 frei und doch besch\u00fctzt sein.","breadcrumb":{"@id":"https:\/\/www.novavita.com\/fr\/datenschutz-2\/#breadcrumb"},"inLanguage":"fr-FR","potentialAction":[{"@type":"ReadAction","target":["https:\/\/www.novavita.com\/fr\/datenschutz-2\/"]}]},{"@type":"BreadcrumbList","@id":"https:\/\/www.novavita.com\/fr\/datenschutz-2\/#breadcrumb","itemListElement":[{"@type":"ListItem","position":1,"name":"Startseite","item":"https:\/\/p-vl8yw2.project.space\/fr\/"},{"@type":"ListItem","position":2,"name":"Datenschutz"}]},{"@type":"WebSite","@id":"https:\/\/p-vl8yw2.project.space\/#website","url":"https:\/\/p-vl8yw2.project.space\/","name":"Nova Vita Residenzen","description":"","publisher":{"@id":"https:\/\/p-vl8yw2.project.space\/#organization"},"potentialAction":[{"@type":"SearchAction","target":{"@type":"EntryPoint","urlTemplate":"https:\/\/p-vl8yw2.project.space\/?s={search_term_string}"},"query-input":{"@type":"PropertyValueSpecification","valueRequired":true,"valueName":"search_term_string"}}],"inLanguage":"fr-FR"},{"@type":"Organization","@id":"https:\/\/p-vl8yw2.project.space\/#organization","name":"Nova Vita Residenzen","url":"https:\/\/p-vl8yw2.project.space\/","logo":{"@type":"ImageObject","inLanguage":"fr-FR","@id":"https:\/\/p-vl8yw2.project.space\/#\/schema\/logo\/image\/","url":"https:\/\/www.novavita.com\/wp-content\/uploads\/2018\/03\/NV_Logo_RGB.jpg","contentUrl":"https:\/\/www.novavita.com\/wp-content\/uploads\/2018\/03\/NV_Logo_RGB.jpg","width":4277,"height":2362,"caption":"Nova Vita Residenzen"},"image":{"@id":"https:\/\/p-vl8yw2.project.space\/#\/schema\/logo\/image\/"}}]}},"_links":{"self":[{"href":"https:\/\/www.novavita.com\/fr\/wp-json\/wp\/v2\/pages\/7999","targetHints":{"allow":["GET"]}}],"collection":[{"href":"https:\/\/www.novavita.com\/fr\/wp-json\/wp\/v2\/pages"}],"about":[{"href":"https:\/\/www.novavita.com\/fr\/wp-json\/wp\/v2\/types\/page"}],"author":[{"embeddable":true,"href":"https:\/\/www.novavita.com\/fr\/wp-json\/wp\/v2\/users\/18"}],"replies":[{"embeddable":true,"href":"https:\/\/www.novavita.com\/fr\/wp-json\/wp\/v2\/comments?post=7999"}],"version-history":[{"count":4,"href":"https:\/\/www.novavita.com\/fr\/wp-json\/wp\/v2\/pages\/7999\/revisions"}],"predecessor-version":[{"id":12162,"href":"https:\/\/www.novavita.com\/fr\/wp-json\/wp\/v2\/pages\/7999\/revisions\/12162"}],"wp:attachment":[{"href":"https:\/\/www.novavita.com\/fr\/wp-json\/wp\/v2\/media?parent=7999"}],"curies":[{"name":"wp","href":"https:\/\/api.w.org\/{rel}","templated":true}]}}