{"id":8001,"date":"2018-05-14T16:44:09","date_gmt":"2018-05-14T14:44:09","guid":{"rendered":"https:\/\/www.novavita.com\/impressum\/"},"modified":"2023-01-17T12:24:41","modified_gmt":"2023-01-17T11:24:41","slug":"impressum","status":"publish","type":"page","link":"https:\/\/www.novavita.com\/fr\/impressum\/","title":{"rendered":"Impressum"},"content":{"rendered":"<p><div class=\"fusion-fullwidth fullwidth-box fusion-builder-row-1 nonhundred-percent-fullwidth non-hundred-percent-height-scrolling\" style=\"--awb-background-position:left top;--awb-border-sizes-top:0px;--awb-border-sizes-bottom:0px;--awb-border-sizes-left:0px;--awb-border-sizes-right:0px;--awb-border-radius-top-left:0px;--awb-border-radius-top-right:0px;--awb-border-radius-bottom-right:0px;--awb-border-radius-bottom-left:0px;--awb-padding-bottom:40px;--awb-flex-wrap:wrap;\" ><div class=\"fusion-builder-row fusion-row\"><div class=\"fusion-layout-column fusion_builder_column fusion-builder-column-0 fusion_builder_column_1_1 1_1 fusion-one-full fusion-column-first fusion-column-last\" style=\"--awb-bg-size:cover;\"><div class=\"fusion-column-wrapper fusion-flex-column-wrapper-legacy\"><div class=\"fusion-text fusion-text-1\"><h1 style=\"text-align: center;\">Impressum<\/h1>\n<\/div><div class=\"fusion-sep-clear\"><\/div><div class=\"fusion-separator\" style=\"margin-left: auto;margin-right: auto;margin-top:0px;margin-bottom:20px;width:100%;max-width:50px;\"><div class=\"fusion-separator-border sep-single sep-solid\" style=\"--awb-height:20px;--awb-amount:20px;--awb-sep-color:#c5d881;border-color:#c5d881;border-top-width:1px;\"><\/div><\/div><div class=\"fusion-sep-clear\"><\/div><div class=\"fusion-clearfix\"><\/div><\/div><\/div><\/div><\/div><div class=\"fusion-fullwidth fullwidth-box fusion-builder-row-2 nonhundred-percent-fullwidth non-hundred-percent-height-scrolling\" style=\"--awb-border-radius-top-left:0px;--awb-border-radius-top-right:0px;--awb-border-radius-bottom-right:0px;--awb-border-radius-bottom-left:0px;--awb-flex-wrap:wrap;\" ><div class=\"fusion-builder-row fusion-row\"><div class=\"fusion-layout-column fusion_builder_column fusion-builder-column-1 fusion_builder_column_1_3 1_3 fusion-one-third fusion-column-first\" style=\"--awb-bg-size:cover;width:33.333333333333%;width:calc(33.333333333333% - ( ( 4% + 4% ) * 0.33333333333333 ) );margin-right: 4%;\"><div class=\"fusion-column-wrapper fusion-flex-column-wrapper-legacy\"><div class=\"fusion-text fusion-text-2\" style=\"--awb-text-transform:none;\"><p>Care Management Suisse GmbH<br \/>\nAvenue de Chillon 18<br \/>\nCH-1820 Veytaux<br \/>\nTel. +41\u00a0(0)\u00a021\u00a0967\u00a030\u00a000<br \/>\nFax +41\u00a0(0)\u00a021\u00a0967\u00a030\u00a020<br \/>\nE-Mail: <a href=\"mailto: mail@cm-int.com\">mail@cm-int.com<\/a><\/p>\n<\/div><div class=\"fusion-clearfix\"><\/div><\/div><\/div><div class=\"fusion-layout-column fusion_builder_column fusion-builder-column-2 fusion_builder_column_1_3 1_3 fusion-one-third\" style=\"--awb-bg-size:cover;width:33.333333333333%;width:calc(33.333333333333% - ( ( 4% + 4% ) * 0.33333333333333 ) );margin-right: 4%;\"><div class=\"fusion-column-wrapper fusion-flex-column-wrapper-legacy\"><div class=\"fusion-text fusion-text-3\"><p class=\"first\">Vertretungsberechtigter:<br \/>\nDr. Uwe L\u00fcdemann, Gesch\u00e4ftsf\u00fchrender Gesellschafter<\/p>\n<p class=\"first\">Aufsichtsbeh\u00f6rde: Handelsregister des Kantons Waadt<br \/>\nRegisternummer: CH-550-0052417-3<\/p>\n<\/div><div class=\"fusion-clearfix\"><\/div><\/div><\/div><div class=\"fusion-layout-column fusion_builder_column fusion-builder-column-3 fusion_builder_column_1_3 1_3 fusion-one-third fusion-column-last\" style=\"--awb-bg-size:cover;width:33.333333333333%;width:calc(33.333333333333% - ( ( 4% + 4% ) * 0.33333333333333 ) );\"><div class=\"fusion-column-wrapper fusion-flex-column-wrapper-legacy\"><div class=\"fusion-text fusion-text-4\"><p>Bildnachweis<br \/>\nStefan Streit, Sandra Then, Jennifer Braun, Michael Neuhaus, Peter Howe<br \/>\n\u00a9 Shutterstock: Monkey Business Images, Rido, Robert Kneschke (2), wavebreakmedia, Andrey Popov, Ocskay Bence (2), Tyler Olson, Lighthunter, Levente Gyori, gpointstudio, Ruslan Guzov, Ljubco Smokovski<br \/>\n\u00a9 Fotolia: pikselstock, Dr. Thomas Lammeyer, Ljupco Smokovski, Kzenan, YakobchukOlena, Tyler Olson<br \/>\nTuxyso \/ Wikimedia Commons, via Wikimedia Commons<br \/>\nwww.pixabay.com<\/p>\n<\/div><div class=\"fusion-clearfix\"><\/div><\/div><\/div><\/div><\/div><\/p>\n","protected":false},"excerpt":{"rendered":"","protected":false},"author":18,"featured_media":0,"parent":0,"menu_order":0,"comment_status":"open","ping_status":"open","template":"100-width.php","meta":{"footnotes":""},"class_list":["post-8001","page","type-page","status-publish","hentry"],"yoast_head":"<!-- This site is optimized with the Yoast SEO plugin v26.8 - https:\/\/yoast.com\/product\/yoast-seo-wordpress\/ -->\n<title>Impressum | Nova Vita Residenzen - Bonn, Berlin, Essen, Montreux<\/title>\n<meta name=\"description\" content=\"Impressum Nova Vita Residenzen - Ihr Zuhause f\u00fcr ein selbstbestimmtes Leben im Alter! Wir unterst\u00fctzen unsere Bewohner dabei, bis ins hohe Alter ein m\u00f6glichst selbstbestimmtes Leben zu f\u00fchren, bieten aber Hilfe an, wo immer sie gew\u00fcnscht und notwendig ist \u2013 frei und doch besch\u00fctzt sein.\" \/>\n<meta name=\"robots\" content=\"index, follow, max-snippet:-1, max-image-preview:large, max-video-preview:-1\" \/>\n<link rel=\"canonical\" href=\"https:\/\/p-vl8yw2.project.space\/impressum-nova-vita-residenzen\/\" \/>\n<meta property=\"og:locale\" content=\"fr_FR\" \/>\n<meta property=\"og:type\" content=\"article\" \/>\n<meta property=\"og:title\" content=\"Impressum | Nova Vita Residenzen - Bonn, Berlin, Essen, Montreux\" \/>\n<meta property=\"og:description\" content=\"Impressum Nova Vita Residenzen - Ihr Zuhause f\u00fcr ein selbstbestimmtes Leben im Alter! Wir unterst\u00fctzen unsere Bewohner dabei, bis ins hohe Alter ein m\u00f6glichst selbstbestimmtes Leben zu f\u00fchren, bieten aber Hilfe an, wo immer sie gew\u00fcnscht und notwendig ist \u2013 frei und doch besch\u00fctzt sein.\" \/>\n<meta property=\"og:url\" content=\"https:\/\/p-vl8yw2.project.space\/impressum-nova-vita-residenzen\/\" \/>\n<meta property=\"og:site_name\" content=\"Nova Vita R\u00e9sidences\" \/>\n<meta property=\"article:modified_time\" content=\"2023-01-17T11:24:41+00:00\" \/>\n<meta name=\"twitter:card\" content=\"summary_large_image\" \/>\n<meta name=\"twitter:label1\" content=\"Dur\u00e9e de lecture estim\u00e9e\" \/>\n\t<meta name=\"twitter:data1\" content=\"3 minutes\" \/>\n<script type=\"application\/ld+json\" class=\"yoast-schema-graph\">{\"@context\":\"https:\/\/schema.org\",\"@graph\":[{\"@type\":\"WebPage\",\"@id\":\"https:\/\/p-vl8yw2.project.space\/impressum-nova-vita-residenzen\/\",\"url\":\"https:\/\/p-vl8yw2.project.space\/impressum-nova-vita-residenzen\/\",\"name\":\"Impressum | Nova Vita Residenzen - Bonn, Berlin, Essen, Montreux\",\"isPartOf\":{\"@id\":\"https:\/\/p-vl8yw2.project.space\/#website\"},\"datePublished\":\"2018-05-14T14:44:09+00:00\",\"dateModified\":\"2023-01-17T11:24:41+00:00\",\"description\":\"Impressum Nova Vita Residenzen - Ihr Zuhause f\u00fcr ein selbstbestimmtes Leben im Alter! Wir unterst\u00fctzen unsere Bewohner dabei, bis ins hohe Alter ein m\u00f6glichst selbstbestimmtes Leben zu f\u00fchren, bieten aber Hilfe an, wo immer sie gew\u00fcnscht und notwendig ist \u2013 frei und doch besch\u00fctzt sein.\",\"breadcrumb\":{\"@id\":\"https:\/\/p-vl8yw2.project.space\/impressum-nova-vita-residenzen\/#breadcrumb\"},\"inLanguage\":\"fr-FR\",\"potentialAction\":[{\"@type\":\"ReadAction\",\"target\":[\"https:\/\/p-vl8yw2.project.space\/impressum-nova-vita-residenzen\/\"]}]},{\"@type\":\"BreadcrumbList\",\"@id\":\"https:\/\/p-vl8yw2.project.space\/impressum-nova-vita-residenzen\/#breadcrumb\",\"itemListElement\":[{\"@type\":\"ListItem\",\"position\":1,\"name\":\"Startseite\",\"item\":\"https:\/\/p-vl8yw2.project.space\/fr\/\"},{\"@type\":\"ListItem\",\"position\":2,\"name\":\"Impressum\"}]},{\"@type\":\"WebSite\",\"@id\":\"https:\/\/p-vl8yw2.project.space\/#website\",\"url\":\"https:\/\/p-vl8yw2.project.space\/\",\"name\":\"Nova Vita Residenzen\",\"description\":\"\",\"publisher\":{\"@id\":\"https:\/\/p-vl8yw2.project.space\/#organization\"},\"potentialAction\":[{\"@type\":\"SearchAction\",\"target\":{\"@type\":\"EntryPoint\",\"urlTemplate\":\"https:\/\/p-vl8yw2.project.space\/?s={search_term_string}\"},\"query-input\":{\"@type\":\"PropertyValueSpecification\",\"valueRequired\":true,\"valueName\":\"search_term_string\"}}],\"inLanguage\":\"fr-FR\"},{\"@type\":\"Organization\",\"@id\":\"https:\/\/p-vl8yw2.project.space\/#organization\",\"name\":\"Nova Vita Residenzen\",\"url\":\"https:\/\/p-vl8yw2.project.space\/\",\"logo\":{\"@type\":\"ImageObject\",\"inLanguage\":\"fr-FR\",\"@id\":\"https:\/\/p-vl8yw2.project.space\/#\/schema\/logo\/image\/\",\"url\":\"https:\/\/www.novavita.com\/wp-content\/uploads\/2018\/03\/NV_Logo_RGB.jpg\",\"contentUrl\":\"https:\/\/www.novavita.com\/wp-content\/uploads\/2018\/03\/NV_Logo_RGB.jpg\",\"width\":4277,\"height\":2362,\"caption\":\"Nova Vita Residenzen\"},\"image\":{\"@id\":\"https:\/\/p-vl8yw2.project.space\/#\/schema\/logo\/image\/\"}}]}<\/script>\n<!-- \/ Yoast SEO plugin. -->","yoast_head_json":{"title":"Impressum | Nova Vita Residenzen - Bonn, Berlin, Essen, Montreux","description":"Impressum Nova Vita Residenzen - Ihr Zuhause f\u00fcr ein selbstbestimmtes Leben im Alter! Wir unterst\u00fctzen unsere Bewohner dabei, bis ins hohe Alter ein m\u00f6glichst selbstbestimmtes Leben zu f\u00fchren, bieten aber Hilfe an, wo immer sie gew\u00fcnscht und notwendig ist \u2013 frei und doch besch\u00fctzt sein.","robots":{"index":"index","follow":"follow","max-snippet":"max-snippet:-1","max-image-preview":"max-image-preview:large","max-video-preview":"max-video-preview:-1"},"canonical":"https:\/\/p-vl8yw2.project.space\/impressum-nova-vita-residenzen\/","og_locale":"fr_FR","og_type":"article","og_title":"Impressum | Nova Vita Residenzen - Bonn, Berlin, Essen, Montreux","og_description":"Impressum Nova Vita Residenzen - Ihr Zuhause f\u00fcr ein selbstbestimmtes Leben im Alter! Wir unterst\u00fctzen unsere Bewohner dabei, bis ins hohe Alter ein m\u00f6glichst selbstbestimmtes Leben zu f\u00fchren, bieten aber Hilfe an, wo immer sie gew\u00fcnscht und notwendig ist \u2013 frei und doch besch\u00fctzt sein.","og_url":"https:\/\/p-vl8yw2.project.space\/impressum-nova-vita-residenzen\/","og_site_name":"Nova Vita R\u00e9sidences","article_modified_time":"2023-01-17T11:24:41+00:00","twitter_card":"summary_large_image","twitter_misc":{"Dur\u00e9e de lecture estim\u00e9e":"3 minutes"},"schema":{"@context":"https:\/\/schema.org","@graph":[{"@type":"WebPage","@id":"https:\/\/p-vl8yw2.project.space\/impressum-nova-vita-residenzen\/","url":"https:\/\/p-vl8yw2.project.space\/impressum-nova-vita-residenzen\/","name":"Impressum | Nova Vita Residenzen - Bonn, Berlin, Essen, Montreux","isPartOf":{"@id":"https:\/\/p-vl8yw2.project.space\/#website"},"datePublished":"2018-05-14T14:44:09+00:00","dateModified":"2023-01-17T11:24:41+00:00","description":"Impressum Nova Vita Residenzen - Ihr Zuhause f\u00fcr ein selbstbestimmtes Leben im Alter! Wir unterst\u00fctzen unsere Bewohner dabei, bis ins hohe Alter ein m\u00f6glichst selbstbestimmtes Leben zu f\u00fchren, bieten aber Hilfe an, wo immer sie gew\u00fcnscht und notwendig ist \u2013 frei und doch besch\u00fctzt sein.","breadcrumb":{"@id":"https:\/\/p-vl8yw2.project.space\/impressum-nova-vita-residenzen\/#breadcrumb"},"inLanguage":"fr-FR","potentialAction":[{"@type":"ReadAction","target":["https:\/\/p-vl8yw2.project.space\/impressum-nova-vita-residenzen\/"]}]},{"@type":"BreadcrumbList","@id":"https:\/\/p-vl8yw2.project.space\/impressum-nova-vita-residenzen\/#breadcrumb","itemListElement":[{"@type":"ListItem","position":1,"name":"Startseite","item":"https:\/\/p-vl8yw2.project.space\/fr\/"},{"@type":"ListItem","position":2,"name":"Impressum"}]},{"@type":"WebSite","@id":"https:\/\/p-vl8yw2.project.space\/#website","url":"https:\/\/p-vl8yw2.project.space\/","name":"Nova Vita Residenzen","description":"","publisher":{"@id":"https:\/\/p-vl8yw2.project.space\/#organization"},"potentialAction":[{"@type":"SearchAction","target":{"@type":"EntryPoint","urlTemplate":"https:\/\/p-vl8yw2.project.space\/?s={search_term_string}"},"query-input":{"@type":"PropertyValueSpecification","valueRequired":true,"valueName":"search_term_string"}}],"inLanguage":"fr-FR"},{"@type":"Organization","@id":"https:\/\/p-vl8yw2.project.space\/#organization","name":"Nova Vita Residenzen","url":"https:\/\/p-vl8yw2.project.space\/","logo":{"@type":"ImageObject","inLanguage":"fr-FR","@id":"https:\/\/p-vl8yw2.project.space\/#\/schema\/logo\/image\/","url":"https:\/\/www.novavita.com\/wp-content\/uploads\/2018\/03\/NV_Logo_RGB.jpg","contentUrl":"https:\/\/www.novavita.com\/wp-content\/uploads\/2018\/03\/NV_Logo_RGB.jpg","width":4277,"height":2362,"caption":"Nova Vita Residenzen"},"image":{"@id":"https:\/\/p-vl8yw2.project.space\/#\/schema\/logo\/image\/"}}]}},"_links":{"self":[{"href":"https:\/\/www.novavita.com\/fr\/wp-json\/wp\/v2\/pages\/8001","targetHints":{"allow":["GET"]}}],"collection":[{"href":"https:\/\/www.novavita.com\/fr\/wp-json\/wp\/v2\/pages"}],"about":[{"href":"https:\/\/www.novavita.com\/fr\/wp-json\/wp\/v2\/types\/page"}],"author":[{"embeddable":true,"href":"https:\/\/www.novavita.com\/fr\/wp-json\/wp\/v2\/users\/18"}],"replies":[{"embeddable":true,"href":"https:\/\/www.novavita.com\/fr\/wp-json\/wp\/v2\/comments?post=8001"}],"version-history":[{"count":6,"href":"https:\/\/www.novavita.com\/fr\/wp-json\/wp\/v2\/pages\/8001\/revisions"}],"predecessor-version":[{"id":11349,"href":"https:\/\/www.novavita.com\/fr\/wp-json\/wp\/v2\/pages\/8001\/revisions\/11349"}],"wp:attachment":[{"href":"https:\/\/www.novavita.com\/fr\/wp-json\/wp\/v2\/media?parent=8001"}],"curies":[{"name":"wp","href":"https:\/\/api.w.org\/{rel}","templated":true}]}}