{"id":8093,"date":"2018-05-15T11:34:04","date_gmt":"2018-05-15T09:34:04","guid":{"rendered":"https:\/\/www.novavita.com\/a-notre-propos\/"},"modified":"2018-08-09T10:51:45","modified_gmt":"2018-08-09T08:51:45","slug":"a-notre-propos","status":"publish","type":"page","link":"https:\/\/www.novavita.com\/fr\/a-notre-propos\/","title":{"rendered":"A notre propos"},"content":{"rendered":"<p><div class=\"fusion-fullwidth fullwidth-box fusion-builder-row-1 nonhundred-percent-fullwidth non-hundred-percent-height-scrolling\" style=\"--awb-background-position:left top;--awb-border-radius-top-left:0px;--awb-border-radius-top-right:0px;--awb-border-radius-bottom-right:0px;--awb-border-radius-bottom-left:0px;--awb-padding-bottom:40px;--awb-border-sizes-top:0px;--awb-border-sizes-bottom:0px;--awb-flex-wrap:wrap;\" ><div class=\"fusion-builder-row fusion-row\"><div class=\"fusion-layout-column fusion_builder_column fusion-builder-column-0 fusion_builder_column_1_1 1_1 fusion-one-full fusion-column-first fusion-column-last\" style=\"--awb-bg-size:cover;\"><div class=\"fusion-column-wrapper fusion-flex-column-wrapper-legacy\"><div class=\"fusion-text fusion-text-1\"><p style=\"letter-spacing: 4px; font-size: 13px; margin-bottom: 0px; text-align: center;\">A NOTRE PROPOS<\/p>\n<h1 style=\"text-align: center;\">Le groupe d\u2019entreprises Care Management<\/h1>\n<\/div><div class=\"fusion-sep-clear\"><\/div><div class=\"fusion-separator\" style=\"margin-left: auto;margin-right: auto;margin-top:0px;margin-bottom:20px;width:100%;max-width:50px;\"><div class=\"fusion-separator-border sep-single sep-solid\" style=\"--awb-height:20px;--awb-amount:20px;--awb-sep-color:#c5d881;border-color:#c5d881;border-top-width:1px;\"><\/div><\/div><div class=\"fusion-sep-clear\"><\/div><div class=\"fusion-clearfix\"><\/div><\/div><\/div><\/div><\/div><div class=\"fusion-fullwidth fullwidth-box fusion-builder-row-2 nonhundred-percent-fullwidth non-hundred-percent-height-scrolling\" style=\"--awb-background-position:left top;--awb-border-radius-top-left:0px;--awb-border-radius-top-right:0px;--awb-border-radius-bottom-right:0px;--awb-border-radius-bottom-left:0px;--awb-margin-bottom:40px;--awb-border-sizes-top:0px;--awb-border-sizes-bottom:0px;--awb-flex-wrap:wrap;\" ><div class=\"fusion-builder-row fusion-row\"><div class=\"fusion-layout-column fusion_builder_column fusion-builder-column-1 fusion_builder_column_1_1 1_1 fusion-one-full fusion-column-first fusion-column-last\" style=\"--awb-bg-size:cover;\"><div class=\"fusion-column-wrapper fusion-flex-column-wrapper-legacy\"><div class=\"fusion-text fusion-text-2\"><p>Le groupe d\u2019entreprises Care Management est n\u00e9 \u00e0 partir de la Soci\u00e9t\u00e9 pour le D\u00e9veloppement et l\u2019Organisation d\u2019Etablissements sociaux et diaconaux (Gesellschaft f\u00fcr die Entwicklung und Planung sozialer und diakonischer Einrichtungen GmbH \u2013 GESDE), cr\u00e9\u00e9e en 1995 \u00e0 Montreux. En 1999, cette soci\u00e9t\u00e9 a \u00e9t\u00e9 rebaptis\u00e9e Care Management International SA (CMI) et \u00e9tait en charge de la direction strat\u00e9gique du groupe Care Management en Suisse et en Allemagne. Par d\u00e9cision des associ\u00e9s, CMI a \u00e9t\u00e9 scind\u00e9e en deux en 2009 pour devenir Care Management Suisse S\u00e0rl et Care Management Deutschland GmbH.<\/p>\n<p>Care Management Deutschland GmbH avec si\u00e8ge \u00e0 Bonn est un prestataire de services priv\u00e9 sp\u00e9cialis\u00e9 dans l\u2019exploitation de r\u00e9sidences pour seniors. Dans sa fonction de soci\u00e9t\u00e9 holding, elle g\u00e8re les r\u00e9sidences Nova Vita \u00e0 Bonn, <a href=\"https:\/\/www.novavita.com\/fr\/nova-vita-essen\/\">Essen<\/a> et <a href=\"https:\/\/www.novavita.com\/fr\/nova-vita-berlin-wilmersdorf\/\">Berlin<\/a>. Par ailleurs, elle dirige l\u2019\u00e9tablissement de soins <a href=\"https:\/\/www.novavita.com\/fr\/nova-vita-berlin-paulinenhaus\/\">Nova Vita \u00ab\u00a0Paulinenhaus\u00a0\u00bb<\/a> \u00e0 Berlin ainsi que <a href=\"https:\/\/www.novavita.com\/fr\/nova-vita-leoninum-bonn\/\">l\u2019h\u00f4tel 4 \u00e9toiles Collegium Leoninum \u00e0 Bonn<\/a>. L\u2019encadrement des r\u00e9sidents est assur\u00e9 par sa filiale Nova Vita Ambulante Pflege GmbH.<\/p>\n<p>Care Management Suisse S\u00e0rl avec si\u00e8ge \u00e0 Veytaux est l\u2019\u00e9quivalent suisse de Care Management Deutschland GmbH. Elle g\u00e8re la r\u00e9sidence <a href=\"https:\/\/www.novavita.com\/fr\/nova-vita-montreux\/\">Nova Vita Montreux<\/a>. Elle poss\u00e8de les droits de licence de la marque Nova Vita, prot\u00e9g\u00e9e dans de nombreux pays europ\u00e9ens. La d\u00e9nomination Nova Vita (nouvelle vie) symbolise l\u2019espoir croissant des personnes \u00e2g\u00e9es de pouvoir r\u00e9organiser cette troisi\u00e8me partie de leur existence.<\/p>\n<p>Sur les cinq sites Montreux, Veytaux, Bonn, Berlin et Essen, les soci\u00e9t\u00e9s du groupe Care Management emploient plus de 400 collaborateurs.<\/p>\n<\/div><div class=\"fusion-clearfix\"><\/div><\/div><\/div><\/div><\/div><\/p>\n","protected":false},"excerpt":{"rendered":"","protected":false},"author":18,"featured_media":0,"parent":0,"menu_order":0,"comment_status":"open","ping_status":"open","template":"100-width.php","meta":{"footnotes":""},"class_list":["post-8093","page","type-page","status-publish","hentry"],"yoast_head":"<!-- This site is optimized with the Yoast SEO plugin v26.8 - https:\/\/yoast.com\/product\/yoast-seo-wordpress\/ -->\n<title>A notre propos | Nova Vita R\u00e9sidences | Care Management Deutschland GmbH<\/title>\n<meta name=\"description\" content=\"Le groupe d\u2019entreprises Care Management est n\u00e9 \u00e0 partir de la Soci\u00e9t\u00e9 pour le D\u00e9veloppement et l\u2019Organisation d\u2019Etablissements sociaux et diaconaux (Gesellschaft f\u00fcr die Entwicklung und Planung sozialer und diakonischer Einrichtungen GmbH \u2013 GESDE), cr\u00e9\u00e9e en 1995 \u00e0 Montreux.\" \/>\n<meta name=\"robots\" content=\"index, follow, max-snippet:-1, max-image-preview:large, max-video-preview:-1\" \/>\n<link rel=\"canonical\" href=\"https:\/\/p-vl8yw2.project.space\/nova-vita-residenzen\/\" \/>\n<meta property=\"og:locale\" content=\"fr_FR\" \/>\n<meta property=\"og:type\" content=\"article\" \/>\n<meta property=\"og:title\" content=\"A notre propos | Nova Vita R\u00e9sidences | Care Management Deutschland GmbH\" \/>\n<meta property=\"og:description\" content=\"Le groupe d\u2019entreprises Care Management est n\u00e9 \u00e0 partir de la Soci\u00e9t\u00e9 pour le D\u00e9veloppement et l\u2019Organisation d\u2019Etablissements sociaux et diaconaux (Gesellschaft f\u00fcr die Entwicklung und Planung sozialer und diakonischer Einrichtungen GmbH \u2013 GESDE), cr\u00e9\u00e9e en 1995 \u00e0 Montreux.\" \/>\n<meta property=\"og:url\" content=\"https:\/\/p-vl8yw2.project.space\/nova-vita-residenzen\/\" \/>\n<meta property=\"og:site_name\" content=\"Nova Vita R\u00e9sidences\" \/>\n<meta property=\"article:modified_time\" content=\"2018-08-09T08:51:45+00:00\" \/>\n<meta name=\"twitter:card\" content=\"summary_large_image\" \/>\n<meta name=\"twitter:label1\" content=\"Dur\u00e9e de lecture estim\u00e9e\" \/>\n\t<meta name=\"twitter:data1\" content=\"3 minutes\" \/>\n<script type=\"application\/ld+json\" class=\"yoast-schema-graph\">{\"@context\":\"https:\/\/schema.org\",\"@graph\":[{\"@type\":\"WebPage\",\"@id\":\"https:\/\/p-vl8yw2.project.space\/nova-vita-residenzen\/\",\"url\":\"https:\/\/p-vl8yw2.project.space\/nova-vita-residenzen\/\",\"name\":\"A notre propos | Nova Vita R\u00e9sidences | Care Management Deutschland GmbH\",\"isPartOf\":{\"@id\":\"https:\/\/p-vl8yw2.project.space\/#website\"},\"datePublished\":\"2018-05-15T09:34:04+00:00\",\"dateModified\":\"2018-08-09T08:51:45+00:00\",\"description\":\"Le groupe d\u2019entreprises Care Management est n\u00e9 \u00e0 partir de la Soci\u00e9t\u00e9 pour le D\u00e9veloppement et l\u2019Organisation d\u2019Etablissements sociaux et diaconaux (Gesellschaft f\u00fcr die Entwicklung und Planung sozialer und diakonischer Einrichtungen GmbH \u2013 GESDE), cr\u00e9\u00e9e en 1995 \u00e0 Montreux.\",\"breadcrumb\":{\"@id\":\"https:\/\/p-vl8yw2.project.space\/nova-vita-residenzen\/#breadcrumb\"},\"inLanguage\":\"fr-FR\",\"potentialAction\":[{\"@type\":\"ReadAction\",\"target\":[\"https:\/\/p-vl8yw2.project.space\/nova-vita-residenzen\/\"]}]},{\"@type\":\"BreadcrumbList\",\"@id\":\"https:\/\/p-vl8yw2.project.space\/nova-vita-residenzen\/#breadcrumb\",\"itemListElement\":[{\"@type\":\"ListItem\",\"position\":1,\"name\":\"Startseite\",\"item\":\"https:\/\/p-vl8yw2.project.space\/fr\/\"},{\"@type\":\"ListItem\",\"position\":2,\"name\":\"A notre propos\"}]},{\"@type\":\"WebSite\",\"@id\":\"https:\/\/p-vl8yw2.project.space\/#website\",\"url\":\"https:\/\/p-vl8yw2.project.space\/\",\"name\":\"Nova Vita Residenzen\",\"description\":\"\",\"publisher\":{\"@id\":\"https:\/\/p-vl8yw2.project.space\/#organization\"},\"potentialAction\":[{\"@type\":\"SearchAction\",\"target\":{\"@type\":\"EntryPoint\",\"urlTemplate\":\"https:\/\/p-vl8yw2.project.space\/?s={search_term_string}\"},\"query-input\":{\"@type\":\"PropertyValueSpecification\",\"valueRequired\":true,\"valueName\":\"search_term_string\"}}],\"inLanguage\":\"fr-FR\"},{\"@type\":\"Organization\",\"@id\":\"https:\/\/p-vl8yw2.project.space\/#organization\",\"name\":\"Nova Vita Residenzen\",\"url\":\"https:\/\/p-vl8yw2.project.space\/\",\"logo\":{\"@type\":\"ImageObject\",\"inLanguage\":\"fr-FR\",\"@id\":\"https:\/\/p-vl8yw2.project.space\/#\/schema\/logo\/image\/\",\"url\":\"https:\/\/www.novavita.com\/wp-content\/uploads\/2018\/03\/NV_Logo_RGB.jpg\",\"contentUrl\":\"https:\/\/www.novavita.com\/wp-content\/uploads\/2018\/03\/NV_Logo_RGB.jpg\",\"width\":4277,\"height\":2362,\"caption\":\"Nova Vita Residenzen\"},\"image\":{\"@id\":\"https:\/\/p-vl8yw2.project.space\/#\/schema\/logo\/image\/\"}}]}<\/script>\n<!-- \/ Yoast SEO plugin. -->","yoast_head_json":{"title":"A notre propos | Nova Vita R\u00e9sidences | Care Management Deutschland GmbH","description":"Le groupe d\u2019entreprises Care Management est n\u00e9 \u00e0 partir de la Soci\u00e9t\u00e9 pour le D\u00e9veloppement et l\u2019Organisation d\u2019Etablissements sociaux et diaconaux (Gesellschaft f\u00fcr die Entwicklung und Planung sozialer und diakonischer Einrichtungen GmbH \u2013 GESDE), cr\u00e9\u00e9e en 1995 \u00e0 Montreux.","robots":{"index":"index","follow":"follow","max-snippet":"max-snippet:-1","max-image-preview":"max-image-preview:large","max-video-preview":"max-video-preview:-1"},"canonical":"https:\/\/p-vl8yw2.project.space\/nova-vita-residenzen\/","og_locale":"fr_FR","og_type":"article","og_title":"A notre propos | Nova Vita R\u00e9sidences | Care Management Deutschland GmbH","og_description":"Le groupe d\u2019entreprises Care Management est n\u00e9 \u00e0 partir de la Soci\u00e9t\u00e9 pour le D\u00e9veloppement et l\u2019Organisation d\u2019Etablissements sociaux et diaconaux (Gesellschaft f\u00fcr die Entwicklung und Planung sozialer und diakonischer Einrichtungen GmbH \u2013 GESDE), cr\u00e9\u00e9e en 1995 \u00e0 Montreux.","og_url":"https:\/\/p-vl8yw2.project.space\/nova-vita-residenzen\/","og_site_name":"Nova Vita R\u00e9sidences","article_modified_time":"2018-08-09T08:51:45+00:00","twitter_card":"summary_large_image","twitter_misc":{"Dur\u00e9e de lecture estim\u00e9e":"3 minutes"},"schema":{"@context":"https:\/\/schema.org","@graph":[{"@type":"WebPage","@id":"https:\/\/p-vl8yw2.project.space\/nova-vita-residenzen\/","url":"https:\/\/p-vl8yw2.project.space\/nova-vita-residenzen\/","name":"A notre propos | Nova Vita R\u00e9sidences | Care Management Deutschland GmbH","isPartOf":{"@id":"https:\/\/p-vl8yw2.project.space\/#website"},"datePublished":"2018-05-15T09:34:04+00:00","dateModified":"2018-08-09T08:51:45+00:00","description":"Le groupe d\u2019entreprises Care Management est n\u00e9 \u00e0 partir de la Soci\u00e9t\u00e9 pour le D\u00e9veloppement et l\u2019Organisation d\u2019Etablissements sociaux et diaconaux (Gesellschaft f\u00fcr die Entwicklung und Planung sozialer und diakonischer Einrichtungen GmbH \u2013 GESDE), cr\u00e9\u00e9e en 1995 \u00e0 Montreux.","breadcrumb":{"@id":"https:\/\/p-vl8yw2.project.space\/nova-vita-residenzen\/#breadcrumb"},"inLanguage":"fr-FR","potentialAction":[{"@type":"ReadAction","target":["https:\/\/p-vl8yw2.project.space\/nova-vita-residenzen\/"]}]},{"@type":"BreadcrumbList","@id":"https:\/\/p-vl8yw2.project.space\/nova-vita-residenzen\/#breadcrumb","itemListElement":[{"@type":"ListItem","position":1,"name":"Startseite","item":"https:\/\/p-vl8yw2.project.space\/fr\/"},{"@type":"ListItem","position":2,"name":"A notre propos"}]},{"@type":"WebSite","@id":"https:\/\/p-vl8yw2.project.space\/#website","url":"https:\/\/p-vl8yw2.project.space\/","name":"Nova Vita Residenzen","description":"","publisher":{"@id":"https:\/\/p-vl8yw2.project.space\/#organization"},"potentialAction":[{"@type":"SearchAction","target":{"@type":"EntryPoint","urlTemplate":"https:\/\/p-vl8yw2.project.space\/?s={search_term_string}"},"query-input":{"@type":"PropertyValueSpecification","valueRequired":true,"valueName":"search_term_string"}}],"inLanguage":"fr-FR"},{"@type":"Organization","@id":"https:\/\/p-vl8yw2.project.space\/#organization","name":"Nova Vita Residenzen","url":"https:\/\/p-vl8yw2.project.space\/","logo":{"@type":"ImageObject","inLanguage":"fr-FR","@id":"https:\/\/p-vl8yw2.project.space\/#\/schema\/logo\/image\/","url":"https:\/\/www.novavita.com\/wp-content\/uploads\/2018\/03\/NV_Logo_RGB.jpg","contentUrl":"https:\/\/www.novavita.com\/wp-content\/uploads\/2018\/03\/NV_Logo_RGB.jpg","width":4277,"height":2362,"caption":"Nova Vita Residenzen"},"image":{"@id":"https:\/\/p-vl8yw2.project.space\/#\/schema\/logo\/image\/"}}]}},"_links":{"self":[{"href":"https:\/\/www.novavita.com\/fr\/wp-json\/wp\/v2\/pages\/8093","targetHints":{"allow":["GET"]}}],"collection":[{"href":"https:\/\/www.novavita.com\/fr\/wp-json\/wp\/v2\/pages"}],"about":[{"href":"https:\/\/www.novavita.com\/fr\/wp-json\/wp\/v2\/types\/page"}],"author":[{"embeddable":true,"href":"https:\/\/www.novavita.com\/fr\/wp-json\/wp\/v2\/users\/18"}],"replies":[{"embeddable":true,"href":"https:\/\/www.novavita.com\/fr\/wp-json\/wp\/v2\/comments?post=8093"}],"version-history":[{"count":4,"href":"https:\/\/www.novavita.com\/fr\/wp-json\/wp\/v2\/pages\/8093\/revisions"}],"predecessor-version":[{"id":8875,"href":"https:\/\/www.novavita.com\/fr\/wp-json\/wp\/v2\/pages\/8093\/revisions\/8875"}],"wp:attachment":[{"href":"https:\/\/www.novavita.com\/fr\/wp-json\/wp\/v2\/media?parent=8093"}],"curies":[{"name":"wp","href":"https:\/\/api.w.org\/{rel}","templated":true}]}}